{"id":680,"date":"2021-03-13T23:16:53","date_gmt":"2021-03-13T23:16:53","guid":{"rendered":"http:\/\/el.commonsupport.com\/newwp\/intech\/?page_id=680"},"modified":"2024-12-20T12:51:36","modified_gmt":"2024-12-20T11:51:36","slug":"contact-2","status":"publish","type":"page","link":"https:\/\/evoluteams.com\/index.php\/contact-2\/","title":{"rendered":"Contact"},"content":{"rendered":"\t\t<div data-elementor-type=\"wp-page\" data-elementor-id=\"680\" class=\"elementor elementor-680\">\n\t\t\t\t\t\t\t\t\t<section class=\"elementor-section elementor-top-section elementor-element elementor-element-d64b2af elementor-section-full_width elementor-section-height-default elementor-section-height-default\" data-id=\"d64b2af\" data-element_type=\"section\">\n\t\t\t\t\t\t<div class=\"elementor-container elementor-column-gap-default\">\n\t\t\t\t\t<div class=\"elementor-column elementor-col-100 elementor-top-column elementor-element elementor-element-fa70579\" data-id=\"fa70579\" data-element_type=\"column\">\n\t\t\t<div class=\"elementor-widget-wrap elementor-element-populated\">\n\t\t\t\t\t\t\t\t<div class=\"elementor-element elementor-element-a10da09 elementor-widget elementor-widget-intech_contact_us\" data-id=\"a10da09\" data-element_type=\"widget\" data-widget_type=\"intech_contact_us.default\">\n\t\t\t\t<div class=\"elementor-widget-container\">\n\t\t\t        \n        <section class=\"contact-info-one\">\n            <div class=\"container\">\n                <div class=\"row justify-content-between\">\n                    <div class=\"col-lg-7\">\n                        <div class=\"contact-info-one__content\">\n                            <div class=\"block-title\">\n                                <p class=\"block-title__tag-line\">Contact<\/p><!-- \/.block-title__tag-line -->\n                                <h3 class=\"block-title__title\"><span>Contactez-nous<\/span><\/h3><!-- \/.block-title__title -->\n                                <p class=\"block-title__text\">Pour en savoir plus sur nos solutions et services, n'h\u00e9sitez pas \u00e0 nous contacter. Nous sommes l\u00e0 pour vous aider \u00e0 atteindre vos objectifs professionnels.<\/p><!-- \/.block-title__text -->\n                            <\/div><!-- \/.block-title -->\n                            <iframe src=\"https:\/\/www.google.com\/maps\/embed?pb=!1m18!1m12!1m3!1d127388.97228942263!2d11.428052028140579!3d3.8304725360647405!2m3!1f0!2f0!3f0!3m2!1i1024!2i768!4f13.1!3m3!1m2!1s0x108bcf7a309a7977%3A0x7f54bad35e693c51!2sYaound%C3%A9%2C%20Cameroun!5e0!3m2!1sfr!2slu!4v1734695458664!5m2!1sfr!2slu\" width=\"600\" height=\"450\" style=\"border:0;\" allowfullscreen=\"\" loading=\"lazy\" referrerpolicy=\"no-referrer-when-downgrade\"><\/iframe>                        <\/div><!-- \/.contact-info-one__content -->\n                    <\/div><!-- \/.col-lg-7 -->\n\t\t\t\t\t\n                    <div class=\"col-lg-4 wow fadeInRight\" data-wow-duration=\"1500ms\">\n                        <div class=\"contact-info-one__box \">\n\t\t\t\t\t\t\t                            <div class=\"contact-info-one__single\">\n                                <p class=\"contact-info-one__label\">Address<\/p><!-- \/.contact-info-one__label -->\n                                <p class=\"contact-info-one__text\">Cameroun (Yaound\u00e9)\n\/ Estonie ()\n\n<\/p><!-- \/.contact-info-one__text -->\n                            <\/div><!-- \/.contact-info-one__single -->\n\t\t\t\t\t\t\t\t\t\t\t\t\t\t\n\t\t\t\t\t\t\t                            <div class=\"contact-info-one__single\">\n                                <p class=\"contact-info-one__label\">Phone<\/p><!-- \/.contact-info-one__label -->\n                                <p class=\"contact-info-one__text\">\n\t\t\t\t\t\t\t\t\t<a href=\"tel:237677922458\"> (+237) 677922458 <\/a><br>\n                                    <a href=\"tel:237696804688\">(+237) 696804688<\/a>\n\t\t\t\t\t\t\t\t<\/p><!-- \/.contact-info-one__text -->\n                            <\/div><!-- \/.contact-info-one__single -->\n\t\t\t\t\t\t\t\t\t\t\t\t\t\t\n\t\t\t\t\t\t\t                            <div class=\"contact-info-one__single\">\n                                <p class=\"contact-info-one__label\">Email<\/p><!-- \/.contact-info-one__label -->\n                                <p class=\"contact-info-one__text\">\n\t\t\t\t\t\t\t\t\t<a href=\"mailto:info@evoluteams.com\">info@evoluteams.com<\/a>\n                                    <a href=\"mailto:\"><\/a>\n\t\t\t\t\t\t\t\t<\/p><!-- \/.contact-info-one__text -->\n                            <\/div><!-- \/.contact-info-one__single -->\n\t\t\t\t\t\t\t\t\t\t\t\t\t\t\n\t\t\t\t\t\t\t<div class=\"contact-info-one__single\">\n                                <p class=\"contact-info-one__label\">Share<\/p><!-- \/.contact-info-one__label -->\n                                <div class=\"contact-info-one__social\">\n\t\t\t\t\t\t\t\t\t<a href=\"#\"><i class=\"fa fa-facebook-f\"><\/i><\/a>\n                                    <a href=\"#\"><i class=\"fa fa-twitter\"><\/i><\/a>\n                                    <a href=\"#\"><i class=\"fa fa-vimeo\"><\/i><\/a>\n                                    <a href=\"#\"><i class=\"fa fa-linkedin\"><\/i><\/a>\n                                <\/div><!-- \/.contact-info-one__social -->\n                            <\/div><!-- \/.contact-info-one__single -->\n\t\t\t\t\t\t<\/div><!-- \/.contact-info-one__box -->\n                    <\/div><!-- \/.col-lg-4 -->\n                <\/div><!-- \/.row justify-content-between -->\n            <\/div><!-- \/.container -->\n        <\/section><!-- \/.contact-info-one -->\n        \n        \t\t<\/div>\n\t\t\t\t<\/div>\n\t\t\t\t\t<\/div>\n\t\t<\/div>\n\t\t\t\t\t\t\t<\/div>\n\t\t<\/section>\n\t\t\t\t<section class=\"elementor-section elementor-top-section elementor-element elementor-element-5b5e52b elementor-section-full_width elementor-section-height-default elementor-section-height-default\" data-id=\"5b5e52b\" data-element_type=\"section\">\n\t\t\t\t\t\t<div class=\"elementor-container elementor-column-gap-default\">\n\t\t\t\t\t<div class=\"elementor-column elementor-col-100 elementor-top-column elementor-element elementor-element-8ceb115\" data-id=\"8ceb115\" data-element_type=\"column\">\n\t\t\t<div class=\"elementor-widget-wrap elementor-element-populated\">\n\t\t\t\t\t\t\t\t<div class=\"elementor-element elementor-element-ce354e5 elementor-widget elementor-widget-intech_contact_form\" data-id=\"ce354e5\" data-element_type=\"widget\" data-widget_type=\"intech_contact_form.default\">\n\t\t\t\t<div class=\"elementor-widget-container\">\n\t\t\t        \n        <section class=\"contact-one\">\n            <div class=\"container\">\n                <div class=\"block-title text-center\">\n                    <h2 class=\"block-title__title\"><span>Get in touch<\/span><\/h2><!-- \/.block-title__title -->\n                    <p class=\"block-title__text\">Dolor sit amet consectetur elit sed eiusmod tempor incididunt labore et dolore<br> magna aliqua enim minim veniam quis nostrud.<\/p><!-- \/.block-title__text -->\n                <\/div><!-- \/.block-title -->\n\t\t\t\t\n\t\t\t\t                <div class=\"contact-form-vaidated contact-one__form\">\n\t\t\t\t\t\n<div class=\"wpcf7 no-js\" id=\"wpcf7-f699-o1\" lang=\"en-US\" dir=\"ltr\">\n<div class=\"screen-reader-response\"><p role=\"status\" aria-live=\"polite\" aria-atomic=\"true\"><\/p> <ul><\/ul><\/div>\n<form action=\"\/index.php\/wp-json\/wp\/v2\/pages\/680#wpcf7-f699-o1\" method=\"post\" class=\"wpcf7-form init\" aria-label=\"Contact form\" novalidate=\"novalidate\" data-status=\"init\">\n<div style=\"display: none;\">\n<input type=\"hidden\" name=\"_wpcf7\" value=\"699\" \/>\n<input type=\"hidden\" name=\"_wpcf7_version\" value=\"5.9.3\" \/>\n<input type=\"hidden\" name=\"_wpcf7_locale\" value=\"en_US\" \/>\n<input type=\"hidden\" name=\"_wpcf7_unit_tag\" value=\"wpcf7-f699-o1\" \/>\n<input type=\"hidden\" name=\"_wpcf7_container_post\" value=\"0\" \/>\n<input type=\"hidden\" name=\"_wpcf7_posted_data_hash\" value=\"\" \/>\n<\/div>\n<div class=\"row clearfix\">\n\t<div class=\"col-lg-6\">\n\t\t<p><span class=\"wpcf7-form-control-wrap\" data-name=\"your-name\"><input size=\"40\" class=\"wpcf7-form-control wpcf7-text wpcf7-validates-as-required\" aria-required=\"true\" aria-invalid=\"false\" placeholder=\"Your name\" value=\"\" type=\"text\" name=\"your-name\" \/><\/span>\n\t\t<\/p>\n\t<\/div>\n\t<div class=\"col-lg-6\">\n\t\t<p><span class=\"wpcf7-form-control-wrap\" data-name=\"your-email\"><input size=\"40\" class=\"wpcf7-form-control wpcf7-email wpcf7-validates-as-required wpcf7-text wpcf7-validates-as-email\" aria-required=\"true\" aria-invalid=\"false\" placeholder=\"Your email\" value=\"\" type=\"email\" name=\"your-email\" \/><\/span>\n\t\t<\/p>\n\t<\/div>\n\t<div class=\"col-lg-6\">\n\t\t<p><span class=\"wpcf7-form-control-wrap\" data-name=\"your-subject\"><input size=\"40\" class=\"wpcf7-form-control wpcf7-text wpcf7-validates-as-required\" aria-required=\"true\" aria-invalid=\"false\" placeholder=\"Phone\" value=\"\" type=\"text\" name=\"your-subject\" \/><\/span>\n\t\t<\/p>\n\t<\/div>\n\t<div class=\"col-lg-6\">\n\t\t<p><span class=\"wpcf7-form-control-wrap\" data-name=\"menu-824\"><select class=\"wpcf7-form-control wpcf7-select\" aria-invalid=\"false\" name=\"menu-824\"><option value=\"\">&#8212;Please choose an option&#8212;<\/option><option value=\"Discuss About\">Discuss About<\/option><option value=\"Discuss About\">Discuss About<\/option><option value=\"Discuss About\">Discuss About<\/option><option value=\"Discuss About\">Discuss About<\/option><\/select><\/span>\n\t\t<\/p>\n\t<\/div>\n\t<div class=\"col-lg-12\">\n\t\t<p><input type=\"text\" name=\"subject\" placeholder=\"Subject\" \/>\n\t\t<\/p>\n\t<\/div>\n\t<div class=\"col-lg-12\">\n\t\t<p><span class=\"wpcf7-form-control-wrap\" data-name=\"your-message\"><textarea cols=\"40\" rows=\"10\" class=\"wpcf7-form-control wpcf7-textarea\" aria-invalid=\"false\" placeholder=\"Your Message\" name=\"your-message\"><\/textarea><\/span>\n\t\t<\/p>\n\t<\/div>\n\t<div class=\"col-lg-12 text-center\">\n\t\t<p><input class=\"wpcf7-form-control wpcf7-submit has-spinner thm-btn\" type=\"submit\" value=\"Send Message\" \/>\n\t\t<\/p>\n\t<\/div>\n<\/div><p style=\"display: none !important;\"><label>&#916;<textarea name=\"_wpcf7_ak_hp_textarea\" cols=\"45\" rows=\"8\" maxlength=\"100\"><\/textarea><\/label><input type=\"hidden\" id=\"ak_js_1\" name=\"_wpcf7_ak_js\" value=\"250\"\/><script>document.getElementById( \"ak_js_1\" ).setAttribute( \"value\", ( new Date() ).getTime() );<\/script><\/p><div class=\"wpcf7-response-output\" aria-hidden=\"true\"><\/div>\n<\/form>\n<\/div>\n                <\/div>\n\t\t\t\t            <\/div><!-- \/.container -->\n        <\/section><!-- \/.contact-one -->\n\n        \t\t<\/div>\n\t\t\t\t<\/div>\n\t\t\t\t\t<\/div>\n\t\t<\/div>\n\t\t\t\t\t\t\t<\/div>\n\t\t<\/section>\n\t\t\t\t<section class=\"elementor-section elementor-top-section elementor-element elementor-element-f5268bb elementor-section-full_width elementor-section-height-default elementor-section-height-default\" data-id=\"f5268bb\" data-element_type=\"section\">\n\t\t\t\t\t\t<div class=\"elementor-container elementor-column-gap-default\">\n\t\t\t\t\t<div class=\"elementor-column elementor-col-100 elementor-top-column elementor-element elementor-element-e5c8a6e\" data-id=\"e5c8a6e\" data-element_type=\"column\">\n\t\t\t<div class=\"elementor-widget-wrap elementor-element-populated\">\n\t\t\t\t\t\t\t\t<div class=\"elementor-element elementor-element-57116cd elementor-widget elementor-widget-intech_call_to_action_v3\" data-id=\"57116cd\" data-element_type=\"widget\" data-widget_type=\"intech_call_to_action_v3.default\">\n\t\t\t\t<div class=\"elementor-widget-container\">\n\t\t\t        \n         <section class=\"cta-two wow fadeInUp\" data-wow-duration=\"2s\">\n            <div class=\"container-fluid\">\n                <div class=\"row no-gutters\">\n                    <div class=\"col-lg-6\">\n                        <div class=\"cta-two__left\">\n                            <div class=\"cta-two__inner\">\n                                <div class=\"block-title\">\n                                    <h2 class=\"block-title__title\">Nous g\u00e9rons tous nos services pour garantir <br><span> votre succ\u00e8s<\/span><\/h2><!-- \/.block-title__title -->\n                                <\/div><!-- \/.block-title -->\n\t\t\t\t\t\t\t\t                                <a href=\"http:\/\/el.commonsupport.com\/newwp\/intech\/contact\/\" class=\"thm-btn cta-two__btn\">Contact us<\/a><!-- \/.thm-btn -->\n\t\t\t\t\t\t\t\t                            <\/div><!-- \/.cta-two__inner -->\n                        <\/div><!-- \/.cta-two__left -->\n                    <\/div><!-- \/.col-lg-6 -->\n                    <div class=\"col-lg-6\">\n                        <div class=\"cta-two__right\">\n                            <div class=\"cta-two__inner\">\n                                <div class=\"block-title\">\n                                    <h2 class=\"block-title__title\">Prenez contact <br>avec notre \u00e9quipe.  <br>Appelez-nous ?<\/h2><!-- \/.block-title__title -->\n                                <\/div><!-- \/.block-title -->\n                                <p class=\"cta-two__phone\"><a href=\"tel:237658784342\">(+237) 658784342<\/a><\/p>\n                                <!-- \/.cta-two__phone -->\n                            <\/div><!-- \/.cta-two__inner -->\n                        <\/div><!-- \/.cta-two__right -->\n                    <\/div><!-- \/.col-lg-6 -->\n                <\/div><!-- \/.row no-gutters -->\n            <\/div><!-- \/.container-fluid -->\n        <\/section><!-- \/.cta-two -->\n\n        \t\t<\/div>\n\t\t\t\t<\/div>\n\t\t\t\t\t<\/div>\n\t\t<\/div>\n\t\t\t\t\t\t\t<\/div>\n\t\t<\/section>\n\t\t\t\t\t\t\t<\/div>\n\t\t","protected":false},"excerpt":{"rendered":"<p>Contact Contactez-nous Pour en savoir plus sur nos solutions et services, n&#8217;h\u00e9sitez pas \u00e0 nous contacter. Nous sommes l\u00e0 pour vous aider \u00e0 atteindre vos objectifs professionnels. Address Cameroun (Yaound\u00e9) \/ Estonie () Phone (+237) 677922458 (+237) 696804688 Email info@evoluteams.com Share Get in touch Dolor sit amet consectetur elit sed eiusmod tempor incididunt labore et [&hellip;]<\/p>\n","protected":false},"author":1,"featured_media":0,"parent":0,"menu_order":0,"comment_status":"closed","ping_status":"closed","template":"tpl-default-elementor.php","meta":{"footnotes":""},"class_list":["post-680","page","type-page","status-publish","hentry"],"_links":{"self":[{"href":"https:\/\/evoluteams.com\/index.php\/wp-json\/wp\/v2\/pages\/680","targetHints":{"allow":["GET"]}}],"collection":[{"href":"https:\/\/evoluteams.com\/index.php\/wp-json\/wp\/v2\/pages"}],"about":[{"href":"https:\/\/evoluteams.com\/index.php\/wp-json\/wp\/v2\/types\/page"}],"author":[{"embeddable":true,"href":"https:\/\/evoluteams.com\/index.php\/wp-json\/wp\/v2\/users\/1"}],"replies":[{"embeddable":true,"href":"https:\/\/evoluteams.com\/index.php\/wp-json\/wp\/v2\/comments?post=680"}],"version-history":[{"count":24,"href":"https:\/\/evoluteams.com\/index.php\/wp-json\/wp\/v2\/pages\/680\/revisions"}],"predecessor-version":[{"id":1728,"href":"https:\/\/evoluteams.com\/index.php\/wp-json\/wp\/v2\/pages\/680\/revisions\/1728"}],"wp:attachment":[{"href":"https:\/\/evoluteams.com\/index.php\/wp-json\/wp\/v2\/media?parent=680"}],"curies":[{"name":"wp","href":"https:\/\/api.w.org\/{rel}","templated":true}]}}