{"id":432,"date":"2021-03-13T17:30:26","date_gmt":"2021-03-13T17:30:26","guid":{"rendered":"http:\/\/el.commonsupport.com\/newwp\/intech\/?page_id=432"},"modified":"2024-04-21T11:08:25","modified_gmt":"2024-04-21T09:08:25","slug":"managed-it-services","status":"publish","type":"page","link":"https:\/\/evoluteams.com\/index.php\/managed-it-services\/","title":{"rendered":"Nos Partenaires"},"content":{"rendered":"\t\t<div data-elementor-type=\"wp-page\" data-elementor-id=\"432\" class=\"elementor elementor-432\">\n\t\t\t\t\t\t\t\t\t<section class=\"elementor-section elementor-top-section elementor-element elementor-element-af04681 elementor-section-full_width elementor-section-height-default elementor-section-height-default\" data-id=\"af04681\" data-element_type=\"section\">\n\t\t\t\t\t\t<div class=\"elementor-container elementor-column-gap-default\">\n\t\t\t\t\t<div class=\"elementor-column elementor-col-100 elementor-top-column elementor-element elementor-element-9f94912\" data-id=\"9f94912\" data-element_type=\"column\">\n\t\t\t<div class=\"elementor-widget-wrap elementor-element-populated\">\n\t\t\t\t\t\t\t\t<div class=\"elementor-element elementor-element-e5f8d36 elementor-widget elementor-widget-intech_service_details\" data-id=\"e5f8d36\" data-element_type=\"widget\" data-widget_type=\"intech_service_details.default\">\n\t\t\t\t<div class=\"elementor-widget-container\">\n\t\t\t        \n        <section class=\"services-details__content\">\n            <div class=\"container\">\n                <div class=\"row justify-content-between\">\n                    <div class=\"col-xl-4 col-lg-4\">\n                        <div class=\"services-details__content-info\">\n                            <div id=\"nav_menu-3\" class=\"services-widget widget_nav_menu\"><h3 class=\"services-details__content-info-title\">Nos Services<\/h3><div class=\"menu-services-sidebar-container\"><ul id=\"menu-services-sidebar\" class=\"menu\"><li id=\"menu-item-963\" class=\"menu-item menu-item-type-post_type menu-item-object-page menu-item-963\"><a href=\"https:\/\/evoluteams.com\/index.php\/managed-it-services\/\">Nos Partenaires<\/a><\/li>\n<li id=\"menu-item-962\" class=\"menu-item menu-item-type-post_type menu-item-object-page menu-item-962\"><a href=\"https:\/\/evoluteams.com\/index.php\/multi-function-services\/\">Multi-function Services<\/a><\/li>\n<li id=\"menu-item-964\" class=\"menu-item menu-item-type-post_type menu-item-object-page menu-item-964\"><a href=\"https:\/\/evoluteams.com\/index.php\/cyber-security\/\">Cyber Security<\/a><\/li>\n<li id=\"menu-item-965\" class=\"menu-item menu-item-type-post_type menu-item-object-page menu-item-965\"><a href=\"https:\/\/evoluteams.com\/index.php\/data-management\/\">Data Management<\/a><\/li>\n<li id=\"menu-item-966\" class=\"menu-item menu-item-type-post_type menu-item-object-page menu-item-966\"><a href=\"https:\/\/evoluteams.com\/index.php\/cloud-computing\/\">Cloud Computing<\/a><\/li>\n<li id=\"menu-item-967\" class=\"menu-item menu-item-type-post_type menu-item-object-page menu-item-967\"><a href=\"https:\/\/evoluteams.com\/index.php\/it-consultancy\/\">IT Consultancy<\/a><\/li>\n<\/ul><\/div><\/div>                        <\/div><!-- \/.services-details__content-info -->\n                    <\/div><!-- \/.col-xl-4 -->\n\t\t\t\t\t\n                    <div class=\"col-xl-7 col-lg-8\">\n                        <div class=\"services-details__content-block\">\n                            <div class=\"block-title\">\n                                <h2 class=\"block-title__title\"><span>Nos Partenaires<\/span><\/h2>\n                                <!-- \/.block-title__title -->\n                            <\/div><!-- \/.block-title -->\n                            <br>\n                            <div class=\"services-details__image\">\n                                <img decoding=\"async\" src=\"\" alt=\"Awesome Image\">\n                            <\/div><!-- \/.services-details__image -->\n                            <br>\n                            <p class=\"services-details__content-text\">Chez DiaspoBuy, nous sommes fiers de collaborer avec des partenaires qui partagent notre vision et notre engagement envers la diaspora et l'\u00e9conomie locale. Gr\u00e2ce \u00e0 ces partenariats strat\u00e9giques, nous renfor\u00e7ons notre mission de soutenir les petites entreprises, les artisans talentueux et les communaut\u00e9s de la diaspora \u00e0 travers le monde.\n<br><br>\nNos partenaires sont des acteurs cl\u00e9s qui contribuent \u00e0 l'essor de notre plateforme et nous aident \u00e0 offrir une exp\u00e9rience exceptionnelle \u00e0 nos utilisateurs. Leur expertise, leur passion et leur d\u00e9vouement sont essentiels pour cr\u00e9er des opportunit\u00e9s \u00e9conomiques durables et promouvoir la diversit\u00e9 culturelle.<\/p><!-- \/.services-details__content-text -->\n                            <br>\n                            <h3 class=\"services-details__sub-title\"><\/h3><!-- \/.services-details__sub-title -->\n                            <br>\n                            <p class=\"services-details__content-text\"><\/p><!-- \/.services-details__content-text -->\n\t\t\t\t\t\t\t\n\t\t\t\t\t\t\t                            <h3 class=\"services-details__sub-title\"><\/h3><!-- \/.service-details__sub-title -->\n                            <br>\n                            <p class=\"services-details__content-text\"><\/p><!-- \/.services-details__content-text -->\n                            <br>\n                            <div class=\"service-details__client-block\">\n                                <div class=\"row\">\n\t\t\t\t\t\t\t\t\t                                    <div class=\"col-lg-4 col-md-6 text-center\">\n                                        <img decoding=\"async\" src=\"https:\/\/evoluteams.com\/wp-content\/uploads\/2024\/04\/cropped-WhatsApp-Image-2024-04-11-at-1.51.46-PM-1.jpeg\" alt=\"\">\n                                    <\/div><!-- \/.col-lg-4 -->\n                                                                        <div class=\"col-lg-4 col-md-6 text-center\">\n                                        <img decoding=\"async\" src=\"https:\/\/evoluteams.com\/wp-content\/uploads\/2024\/04\/IMG-20231213-WA0014-transparent.png\" alt=\"\">\n                                    <\/div><!-- \/.col-lg-4 -->\n                                                                        <div class=\"col-lg-4 col-md-6 text-center\">\n                                        <img decoding=\"async\" src=\"https:\/\/evoluteams.com\/wp-content\/uploads\/2024\/04\/WhatsApp-Image-2024-04-11-at-1.51.46-PM.jpeg\" alt=\"\">\n                                    <\/div><!-- \/.col-lg-4 -->\n                                                                        <div class=\"col-lg-4 col-md-6 text-center\">\n                                        <img decoding=\"async\" src=\"https:\/\/evoluteams.com\/wp-content\/uploads\/2024\/04\/IMG-20231213-WA0014-transparent.png\" alt=\"\">\n                                    <\/div><!-- \/.col-lg-4 -->\n                                                                        <div class=\"col-lg-4 col-md-6 text-center\">\n                                        <img decoding=\"async\" src=\"https:\/\/evoluteams.com\/wp-content\/uploads\/2023\/11\/small-logo-DoaspoBuy.png\" alt=\"\">\n                                    <\/div><!-- \/.col-lg-4 -->\n                                                                        <div class=\"col-lg-4 col-md-6 text-center\">\n                                        <img decoding=\"async\" src=\"https:\/\/evoluteams.com\/wp-content\/uploads\/2024\/04\/IMG-20231213-WA0014-transparent.png\" alt=\"\">\n                                    <\/div><!-- \/.col-lg-4 -->\n                                                                    <\/div><!-- \/.row -->\n                            <\/div><!-- \/.service-details__client-block -->\n                        <\/div><!-- \/.services-details__content-block -->\n                    <\/div><!-- \/.col-xl-7 -->\n                <\/div><!-- \/.row -->\n            <\/div><!-- \/.container -->\n        <\/section><!-- \/.services-details__content -->\n\n        \t\t<\/div>\n\t\t\t\t<\/div>\n\t\t\t\t\t<\/div>\n\t\t<\/div>\n\t\t\t\t\t\t\t<\/div>\n\t\t<\/section>\n\t\t<div class=\"elementor-element elementor-element-48bbdba e-flex e-con-boxed e-con e-parent\" data-id=\"48bbdba\" data-element_type=\"container\" data-settings=\"{&quot;content_width&quot;:&quot;boxed&quot;}\" data-core-v316-plus=\"true\">\n\t\t\t\t\t<div class=\"e-con-inner\">\n\t\t\t\t<div class=\"elementor-element elementor-element-567afc1 gallery-spacing-custom elementor-widget elementor-widget-image-gallery\" data-id=\"567afc1\" data-element_type=\"widget\" data-widget_type=\"image-gallery.default\">\n\t\t\t\t<div class=\"elementor-widget-container\">\n\t\t\t<style>\/*! elementor - v3.17.0 - 08-11-2023 *\/\n.elementor-image-gallery .gallery-item{display:inline-block;text-align:center;vertical-align:top;width:100%;max-width:100%;margin:0 auto}.elementor-image-gallery .gallery-item img{margin:0 auto}.elementor-image-gallery .gallery-item .gallery-caption{margin:0}.elementor-image-gallery figure img{display:block}.elementor-image-gallery figure figcaption{width:100%}.gallery-spacing-custom .elementor-image-gallery .gallery-icon{padding:0}@media (min-width:768px){.elementor-image-gallery .gallery-columns-2 .gallery-item{max-width:50%}.elementor-image-gallery .gallery-columns-3 .gallery-item{max-width:33.33%}.elementor-image-gallery .gallery-columns-4 .gallery-item{max-width:25%}.elementor-image-gallery .gallery-columns-5 .gallery-item{max-width:20%}.elementor-image-gallery .gallery-columns-6 .gallery-item{max-width:16.666%}.elementor-image-gallery .gallery-columns-7 .gallery-item{max-width:14.28%}.elementor-image-gallery .gallery-columns-8 .gallery-item{max-width:12.5%}.elementor-image-gallery .gallery-columns-9 .gallery-item{max-width:11.11%}.elementor-image-gallery .gallery-columns-10 .gallery-item{max-width:10%}}@media (min-width:480px) and (max-width:767px){.elementor-image-gallery .gallery.gallery-columns-2 .gallery-item,.elementor-image-gallery .gallery.gallery-columns-3 .gallery-item,.elementor-image-gallery .gallery.gallery-columns-4 .gallery-item,.elementor-image-gallery .gallery.gallery-columns-5 .gallery-item,.elementor-image-gallery .gallery.gallery-columns-6 .gallery-item,.elementor-image-gallery .gallery.gallery-columns-7 .gallery-item,.elementor-image-gallery .gallery.gallery-columns-8 .gallery-item,.elementor-image-gallery .gallery.gallery-columns-9 .gallery-item,.elementor-image-gallery .gallery.gallery-columns-10 .gallery-item{max-width:50%}}@media (max-width:479px){.elementor-image-gallery .gallery.gallery-columns-2 .gallery-item,.elementor-image-gallery .gallery.gallery-columns-3 .gallery-item,.elementor-image-gallery .gallery.gallery-columns-4 .gallery-item,.elementor-image-gallery .gallery.gallery-columns-5 .gallery-item,.elementor-image-gallery .gallery.gallery-columns-6 .gallery-item,.elementor-image-gallery .gallery.gallery-columns-7 .gallery-item,.elementor-image-gallery .gallery.gallery-columns-8 .gallery-item,.elementor-image-gallery .gallery.gallery-columns-9 .gallery-item,.elementor-image-gallery .gallery.gallery-columns-10 .gallery-item{max-width:100%}}<\/style>\t\t<div class=\"elementor-image-gallery\">\n\t\t\t<div id='gallery-1' class='gallery galleryid-432 gallery-columns-4 gallery-size-medium_large'><figure class='gallery-item'>\n\t\t\t<div class='gallery-icon landscape'>\n\t\t\t\t<a data-elementor-open-lightbox=\"yes\" data-elementor-lightbox-slideshow=\"567afc1\" data-elementor-lightbox-title=\"blog-2-6\" data-e-action-hash=\"#elementor-action%3Aaction%3Dlightbox%26settings%3DeyJpZCI6NjYyLCJ1cmwiOiJodHRwczpcL1wvZXZvbHV0ZWFtcy5jb21cL3dwLWNvbnRlbnRcL3VwbG9hZHNcLzIwMjFcLzAzXC9ibG9nLTItNi5qcGciLCJzbGlkZXNob3ciOiI1NjdhZmMxIn0%3D\" href='https:\/\/evoluteams.com\/wp-content\/uploads\/2021\/03\/blog-2-6.jpg'><img fetchpriority=\"high\" decoding=\"async\" width=\"525\" height=\"337\" src=\"https:\/\/evoluteams.com\/wp-content\/uploads\/2021\/03\/blog-2-6.jpg\" class=\"attachment-medium_large size-medium_large\" alt=\"\" srcset=\"https:\/\/evoluteams.com\/wp-content\/uploads\/2021\/03\/blog-2-6.jpg 560w, https:\/\/evoluteams.com\/wp-content\/uploads\/2021\/03\/blog-2-6-300x192.jpg 300w\" sizes=\"(max-width: 525px) 100vw, 525px\" \/><\/a>\n\t\t\t<\/div><\/figure><figure class='gallery-item'>\n\t\t\t<div class='gallery-icon landscape'>\n\t\t\t\t<a data-elementor-open-lightbox=\"yes\" data-elementor-lightbox-slideshow=\"567afc1\" data-elementor-lightbox-title=\"blog-2-5\" data-e-action-hash=\"#elementor-action%3Aaction%3Dlightbox%26settings%3DeyJpZCI6NjYxLCJ1cmwiOiJodHRwczpcL1wvZXZvbHV0ZWFtcy5jb21cL3dwLWNvbnRlbnRcL3VwbG9hZHNcLzIwMjFcLzAzXC9ibG9nLTItNS5qcGciLCJzbGlkZXNob3ciOiI1NjdhZmMxIn0%3D\" href='https:\/\/evoluteams.com\/wp-content\/uploads\/2021\/03\/blog-2-5.jpg'><img decoding=\"async\" width=\"525\" height=\"337\" src=\"https:\/\/evoluteams.com\/wp-content\/uploads\/2021\/03\/blog-2-5.jpg\" class=\"attachment-medium_large size-medium_large\" alt=\"\" srcset=\"https:\/\/evoluteams.com\/wp-content\/uploads\/2021\/03\/blog-2-5.jpg 560w, https:\/\/evoluteams.com\/wp-content\/uploads\/2021\/03\/blog-2-5-300x192.jpg 300w\" sizes=\"(max-width: 525px) 100vw, 525px\" \/><\/a>\n\t\t\t<\/div><\/figure><figure class='gallery-item'>\n\t\t\t<div class='gallery-icon landscape'>\n\t\t\t\t<a data-elementor-open-lightbox=\"yes\" data-elementor-lightbox-slideshow=\"567afc1\" data-elementor-lightbox-title=\"blog-2-2\" data-e-action-hash=\"#elementor-action%3Aaction%3Dlightbox%26settings%3DeyJpZCI6NjU4LCJ1cmwiOiJodHRwczpcL1wvZXZvbHV0ZWFtcy5jb21cL3dwLWNvbnRlbnRcL3VwbG9hZHNcLzIwMjFcLzAzXC9ibG9nLTItMi5qcGciLCJzbGlkZXNob3ciOiI1NjdhZmMxIn0%3D\" href='https:\/\/evoluteams.com\/wp-content\/uploads\/2021\/03\/blog-2-2.jpg'><img decoding=\"async\" width=\"525\" height=\"337\" src=\"https:\/\/evoluteams.com\/wp-content\/uploads\/2021\/03\/blog-2-2.jpg\" class=\"attachment-medium_large size-medium_large\" alt=\"\" srcset=\"https:\/\/evoluteams.com\/wp-content\/uploads\/2021\/03\/blog-2-2.jpg 560w, https:\/\/evoluteams.com\/wp-content\/uploads\/2021\/03\/blog-2-2-300x192.jpg 300w\" sizes=\"(max-width: 525px) 100vw, 525px\" \/><\/a>\n\t\t\t<\/div><\/figure><figure class='gallery-item'>\n\t\t\t<div class='gallery-icon landscape'>\n\t\t\t\t<a data-elementor-open-lightbox=\"yes\" data-elementor-lightbox-slideshow=\"567afc1\" data-elementor-lightbox-title=\"blog-2-1\" data-e-action-hash=\"#elementor-action%3Aaction%3Dlightbox%26settings%3DeyJpZCI6NjU3LCJ1cmwiOiJodHRwczpcL1wvZXZvbHV0ZWFtcy5jb21cL3dwLWNvbnRlbnRcL3VwbG9hZHNcLzIwMjFcLzAzXC9ibG9nLTItMS5qcGciLCJzbGlkZXNob3ciOiI1NjdhZmMxIn0%3D\" href='https:\/\/evoluteams.com\/wp-content\/uploads\/2021\/03\/blog-2-1.jpg'><img loading=\"lazy\" decoding=\"async\" width=\"525\" height=\"337\" src=\"https:\/\/evoluteams.com\/wp-content\/uploads\/2021\/03\/blog-2-1.jpg\" class=\"attachment-medium_large size-medium_large\" alt=\"\" srcset=\"https:\/\/evoluteams.com\/wp-content\/uploads\/2021\/03\/blog-2-1.jpg 560w, https:\/\/evoluteams.com\/wp-content\/uploads\/2021\/03\/blog-2-1-300x192.jpg 300w\" sizes=\"(max-width: 525px) 100vw, 525px\" \/><\/a>\n\t\t\t<\/div><\/figure>\n\t\t<\/div>\n\t\t<\/div>\n\t\t\t\t<\/div>\n\t\t\t\t<\/div>\n\t\t\t\t\t<\/div>\n\t\t\t\t<\/div>\n\t\t\t\t<section class=\"elementor-section elementor-top-section elementor-element elementor-element-1cabfeb elementor-section-full_width elementor-section-height-default elementor-section-height-default\" data-id=\"1cabfeb\" data-element_type=\"section\">\n\t\t\t\t\t\t<div class=\"elementor-container elementor-column-gap-default\">\n\t\t\t\t\t<div class=\"elementor-column elementor-col-100 elementor-top-column elementor-element elementor-element-b6d5956\" data-id=\"b6d5956\" data-element_type=\"column\">\n\t\t\t<div class=\"elementor-widget-wrap elementor-element-populated\">\n\t\t\t\t\t\t\t\t\t<\/div>\n\t\t<\/div>\n\t\t\t\t\t\t\t<\/div>\n\t\t<\/section>\n\t\t\t\t<section class=\"elementor-section elementor-top-section elementor-element elementor-element-c7ed417 elementor-section-full_width elementor-section-height-default elementor-section-height-default\" data-id=\"c7ed417\" data-element_type=\"section\">\n\t\t\t\t\t\t<div class=\"elementor-container elementor-column-gap-default\">\n\t\t\t\t\t<div class=\"elementor-column elementor-col-100 elementor-top-column elementor-element elementor-element-ce414a1\" data-id=\"ce414a1\" data-element_type=\"column\">\n\t\t\t<div class=\"elementor-widget-wrap elementor-element-populated\">\n\t\t\t\t\t\t\t\t<div class=\"elementor-element elementor-element-f443fff elementor-widget elementor-widget-intech_call_to_action_v3\" data-id=\"f443fff\" data-element_type=\"widget\" data-widget_type=\"intech_call_to_action_v3.default\">\n\t\t\t\t<div class=\"elementor-widget-container\">\n\t\t\t        \n         <section class=\"cta-two wow fadeInUp\" data-wow-duration=\"2s\">\n            <div class=\"container-fluid\">\n                <div class=\"row no-gutters\">\n                    <div class=\"col-lg-6\">\n                        <div class=\"cta-two__left\">\n                            <div class=\"cta-two__inner\">\n                                <div class=\"block-title\">\n                                    <h2 class=\"block-title__title\">Nous g\u00e9rons tous nos services pour garantir <br><span> votre succ\u00e8s<\/span><\/h2><!-- \/.block-title__title -->\n                                <\/div><!-- \/.block-title -->\n\t\t\t\t\t\t\t\t                                <a href=\"http:\/\/el.commonsupport.com\/newwp\/intech\/contact\/\" class=\"thm-btn cta-two__btn\">Contact us<\/a><!-- \/.thm-btn -->\n\t\t\t\t\t\t\t\t                            <\/div><!-- \/.cta-two__inner -->\n                        <\/div><!-- \/.cta-two__left -->\n                    <\/div><!-- \/.col-lg-6 -->\n                    <div class=\"col-lg-6\">\n                        <div class=\"cta-two__right\">\n                            <div class=\"cta-two__inner\">\n                                <div class=\"block-title\">\n                                    <h2 class=\"block-title__title\">Prenez contact <br>avec notre \u00e9quipe.  <br>Ecrivez-nous ?<\/h2><!-- \/.block-title__title -->\n                                <\/div><!-- \/.block-title -->\n                                <p class=\"cta-two__phone\"><a href=\"tel:\">info@evoluteams.com<\/a><\/p>\n                                <!-- \/.cta-two__phone -->\n                            <\/div><!-- \/.cta-two__inner -->\n                        <\/div><!-- \/.cta-two__right -->\n                    <\/div><!-- \/.col-lg-6 -->\n                <\/div><!-- \/.row no-gutters -->\n            <\/div><!-- \/.container-fluid -->\n        <\/section><!-- \/.cta-two -->\n\n        \t\t<\/div>\n\t\t\t\t<\/div>\n\t\t\t\t\t<\/div>\n\t\t<\/div>\n\t\t\t\t\t\t\t<\/div>\n\t\t<\/section>\n\t\t\t\t\t\t\t<\/div>\n\t\t","protected":false},"excerpt":{"rendered":"<p>Nos Services Nos Partenaires Multi-function Services Cyber Security Data Management Cloud Computing IT Consultancy Nos Partenaires Chez DiaspoBuy, nous sommes fiers de collaborer avec des partenaires qui partagent notre vision et notre engagement envers la diaspora et l&#8217;\u00e9conomie locale. Gr\u00e2ce \u00e0 ces partenariats strat\u00e9giques, nous renfor\u00e7ons notre mission de soutenir les petites entreprises, les artisans [&hellip;]<\/p>\n","protected":false},"author":1,"featured_media":0,"parent":0,"menu_order":0,"comment_status":"closed","ping_status":"closed","template":"tpl-default-elementor.php","meta":{"footnotes":""},"class_list":["post-432","page","type-page","status-publish","hentry"],"_links":{"self":[{"href":"https:\/\/evoluteams.com\/index.php\/wp-json\/wp\/v2\/pages\/432","targetHints":{"allow":["GET"]}}],"collection":[{"href":"https:\/\/evoluteams.com\/index.php\/wp-json\/wp\/v2\/pages"}],"about":[{"href":"https:\/\/evoluteams.com\/index.php\/wp-json\/wp\/v2\/types\/page"}],"author":[{"embeddable":true,"href":"https:\/\/evoluteams.com\/index.php\/wp-json\/wp\/v2\/users\/1"}],"replies":[{"embeddable":true,"href":"https:\/\/evoluteams.com\/index.php\/wp-json\/wp\/v2\/comments?post=432"}],"version-history":[{"count":23,"href":"https:\/\/evoluteams.com\/index.php\/wp-json\/wp\/v2\/pages\/432\/revisions"}],"predecessor-version":[{"id":1588,"href":"https:\/\/evoluteams.com\/index.php\/wp-json\/wp\/v2\/pages\/432\/revisions\/1588"}],"wp:attachment":[{"href":"https:\/\/evoluteams.com\/index.php\/wp-json\/wp\/v2\/media?parent=432"}],"curies":[{"name":"wp","href":"https:\/\/api.w.org\/{rel}","templated":true}]}}