{"id":1469,"date":"2024-04-20T08:41:08","date_gmt":"2024-04-20T06:41:08","guid":{"rendered":"https:\/\/evoluteams.com\/?page_id=1469"},"modified":"2024-04-20T17:35:20","modified_gmt":"2024-04-20T15:35:20","slug":"a-propos1","status":"publish","type":"page","link":"https:\/\/evoluteams.com\/index.php\/a-propos1\/","title":{"rendered":"A Propos site"},"content":{"rendered":"\t\t<div data-elementor-type=\"wp-page\" data-elementor-id=\"1469\" class=\"elementor elementor-1469\">\n\t\t\t\t\t\t\t\t\t<section class=\"elementor-section elementor-top-section elementor-element elementor-element-bf89d21 elementor-section-full_width elementor-section-height-default elementor-section-height-default\" data-id=\"bf89d21\" data-element_type=\"section\">\n\t\t\t\t\t\t<div class=\"elementor-container elementor-column-gap-default\">\n\t\t\t\t\t<div class=\"elementor-column elementor-col-100 elementor-top-column elementor-element elementor-element-21be2ff\" data-id=\"21be2ff\" data-element_type=\"column\">\n\t\t\t<div class=\"elementor-widget-wrap elementor-element-populated\">\n\t\t\t\t\t\t<div class=\"elementor-element elementor-element-3512793 e-flex e-con-boxed e-con e-parent\" data-id=\"3512793\" data-element_type=\"container\" data-settings=\"{&quot;content_width&quot;:&quot;boxed&quot;}\" data-core-v316-plus=\"true\">\n\t\t\t\t\t<div class=\"e-con-inner\">\n\t\t\t\t<div class=\"elementor-element elementor-element-8ee5c49 elementor-widget elementor-widget-text-editor\" data-id=\"8ee5c49\" data-element_type=\"widget\" data-widget_type=\"text-editor.default\">\n\t\t\t\t<div class=\"elementor-widget-container\">\n\t\t\t<style>\/*! elementor - v3.17.0 - 08-11-2023 *\/\n.elementor-widget-text-editor.elementor-drop-cap-view-stacked .elementor-drop-cap{background-color:#69727d;color:#fff}.elementor-widget-text-editor.elementor-drop-cap-view-framed .elementor-drop-cap{color:#69727d;border:3px solid;background-color:transparent}.elementor-widget-text-editor:not(.elementor-drop-cap-view-default) .elementor-drop-cap{margin-top:8px}.elementor-widget-text-editor:not(.elementor-drop-cap-view-default) .elementor-drop-cap-letter{width:1em;height:1em}.elementor-widget-text-editor .elementor-drop-cap{float:left;text-align:center;line-height:1;font-size:50px}.elementor-widget-text-editor .elementor-drop-cap-letter{display:inline-block}<\/style>\t\t\t\t<h4>La soci\u00e9t\u00e9 <i>Evoluteams<\/i> a \u00e9t\u00e9 fond\u00e9e sur une id\u00e9e simple mais puissante : nous sommes une \u00e9quipe de plusieurs jeunes de nationalit\u00e9s diff\u00e9rentes. Ayant exerc\u00e9 en Afrique et en occident pendant plusieurs ann\u00e9es dans nos domaines respectifs,&nbsp; nous avons d\u00e9cid\u00e9 de mettre notre expertise au service des entreprises Africaines tout en cr\u00e9ant des opportunit\u00e9s d\u2019emplois locaux.&nbsp;<\/h4><h4>Nous croyons fermement que nos solutions et nos services peuvent apporter une valeur significative au march\u00e9 et am\u00e9liorer la vie de nos partenaires, clients et utilisateurs.<\/h4>\n<h4>Notre mission est d\u2019accompagner nos partenaires&nbsp;dans:<\/h4>\n<h4>&#8211;&nbsp; la stabilit\u00e9 et\/ou la croissance de leurs activit\u00e9s. Nous nous engageons \u00e0 leur fournir l\u2019attention, le service et le support dont ils ont besoin en utilisant les technologies, l\u2019approche et la m\u00e9thodologie appropri\u00e9s pour atteindre leurs objectifs.<\/h4>\n<h4>&#8211; leur transition vers le num\u00e9rique en d\u00e9veloppant des solutions innovantes qui am\u00e9liorent l&#8217;efficacit\u00e9 op\u00e9rationnelle, r\u00e9duisent les co\u00fbts et stimulent la croissance.<\/h4><div><br><\/div>\t\t\t\t\t\t<\/div>\n\t\t\t\t<\/div>\n\t\t\t\t\t<\/div>\n\t\t\t\t<\/div>\n\t\t\t\t\t<\/div>\n\t\t<\/div>\n\t\t\t\t\t\t\t<\/div>\n\t\t<\/section>\n\t\t\t\t\t\t\t<\/div>\n\t\t","protected":false},"excerpt":{"rendered":"<p>La soci\u00e9t\u00e9 Evoluteams a \u00e9t\u00e9 fond\u00e9e sur une id\u00e9e simple mais puissante : nous sommes une \u00e9quipe de plusieurs jeunes de nationalit\u00e9s diff\u00e9rentes. Ayant exerc\u00e9 en Afrique et en occident pendant plusieurs ann\u00e9es dans nos domaines respectifs,&nbsp; nous avons d\u00e9cid\u00e9 de mettre notre expertise au service des entreprises Africaines tout en cr\u00e9ant des opportunit\u00e9s d\u2019emplois [&hellip;]<\/p>\n","protected":false},"author":1,"featured_media":0,"parent":0,"menu_order":0,"comment_status":"closed","ping_status":"closed","template":"","meta":{"footnotes":""},"class_list":["post-1469","page","type-page","status-publish","hentry"],"_links":{"self":[{"href":"https:\/\/evoluteams.com\/index.php\/wp-json\/wp\/v2\/pages\/1469","targetHints":{"allow":["GET"]}}],"collection":[{"href":"https:\/\/evoluteams.com\/index.php\/wp-json\/wp\/v2\/pages"}],"about":[{"href":"https:\/\/evoluteams.com\/index.php\/wp-json\/wp\/v2\/types\/page"}],"author":[{"embeddable":true,"href":"https:\/\/evoluteams.com\/index.php\/wp-json\/wp\/v2\/users\/1"}],"replies":[{"embeddable":true,"href":"https:\/\/evoluteams.com\/index.php\/wp-json\/wp\/v2\/comments?post=1469"}],"version-history":[{"count":1,"href":"https:\/\/evoluteams.com\/index.php\/wp-json\/wp\/v2\/pages\/1469\/revisions"}],"predecessor-version":[{"id":1473,"href":"https:\/\/evoluteams.com\/index.php\/wp-json\/wp\/v2\/pages\/1469\/revisions\/1473"}],"wp:attachment":[{"href":"https:\/\/evoluteams.com\/index.php\/wp-json\/wp\/v2\/media?parent=1469"}],"curies":[{"name":"wp","href":"https:\/\/api.w.org\/{rel}","templated":true}]}}