{"id":1432,"date":"2024-04-20T08:08:12","date_gmt":"2024-04-20T06:08:12","guid":{"rendered":"https:\/\/evoluteams.com\/?page_id=1432"},"modified":"2024-04-24T06:19:44","modified_gmt":"2024-04-24T04:19:44","slug":"diaspobuy-collector-2","status":"publish","type":"page","link":"https:\/\/evoluteams.com\/index.php\/diaspobuy-collector-2\/","title":{"rendered":"DiaspoBuy Collector"},"content":{"rendered":"\t\t<div data-elementor-type=\"wp-page\" data-elementor-id=\"1432\" class=\"elementor elementor-1432\">\n\t\t\t\t\t\t\t\t\t<section class=\"elementor-section elementor-top-section elementor-element elementor-element-af04681 elementor-section-full_width elementor-section-height-default elementor-section-height-default\" data-id=\"af04681\" data-element_type=\"section\">\n\t\t\t\t\t\t<div class=\"elementor-container elementor-column-gap-default\">\n\t\t\t\t\t<div class=\"elementor-column elementor-col-100 elementor-top-column elementor-element elementor-element-9f94912\" data-id=\"9f94912\" data-element_type=\"column\">\n\t\t\t<div class=\"elementor-widget-wrap elementor-element-populated\">\n\t\t\t\t\t\t\t\t<div class=\"elementor-element elementor-element-e5f8d36 elementor-widget elementor-widget-intech_service_details\" data-id=\"e5f8d36\" data-element_type=\"widget\" data-widget_type=\"intech_service_details.default\">\n\t\t\t\t<div class=\"elementor-widget-container\">\n\t\t\t        \n        <section class=\"services-details__content\">\n            <div class=\"container\">\n                <div class=\"row justify-content-between\">\n                    <div class=\"col-xl-4 col-lg-4\">\n                        <div class=\"services-details__content-info\">\n                            <div id=\"nav_menu-3\" class=\"services-widget widget_nav_menu\"><h3 class=\"services-details__content-info-title\">Nos Services<\/h3><div class=\"menu-services-sidebar-container\"><ul id=\"menu-services-sidebar\" class=\"menu\"><li id=\"menu-item-963\" class=\"menu-item menu-item-type-post_type menu-item-object-page menu-item-963\"><a href=\"https:\/\/evoluteams.com\/index.php\/managed-it-services\/\">Nos Partenaires<\/a><\/li>\n<li id=\"menu-item-962\" class=\"menu-item menu-item-type-post_type menu-item-object-page menu-item-962\"><a href=\"https:\/\/evoluteams.com\/index.php\/multi-function-services\/\">Multi-function Services<\/a><\/li>\n<li id=\"menu-item-964\" class=\"menu-item menu-item-type-post_type menu-item-object-page menu-item-964\"><a href=\"https:\/\/evoluteams.com\/index.php\/cyber-security\/\">Cyber Security<\/a><\/li>\n<li id=\"menu-item-965\" class=\"menu-item menu-item-type-post_type menu-item-object-page menu-item-965\"><a href=\"https:\/\/evoluteams.com\/index.php\/data-management\/\">Data Management<\/a><\/li>\n<li id=\"menu-item-966\" class=\"menu-item menu-item-type-post_type menu-item-object-page menu-item-966\"><a href=\"https:\/\/evoluteams.com\/index.php\/cloud-computing\/\">Cloud Computing<\/a><\/li>\n<li id=\"menu-item-967\" class=\"menu-item menu-item-type-post_type menu-item-object-page menu-item-967\"><a href=\"https:\/\/evoluteams.com\/index.php\/it-consultancy\/\">IT Consultancy<\/a><\/li>\n<\/ul><\/div><\/div>                        <\/div><!-- \/.services-details__content-info -->\n                    <\/div><!-- \/.col-xl-4 -->\n\t\t\t\t\t\n                    <div class=\"col-xl-7 col-lg-8\">\n                        <div class=\"services-details__content-block\">\n                            <div class=\"block-title\">\n                                <h2 class=\"block-title__title\"><span>DiaspoBuy Collector<\/span><\/h2>\n                                <!-- \/.block-title__title -->\n                            <\/div><!-- \/.block-title -->\n                            <br>\n                            <div class=\"services-details__image\">\n                                <img decoding=\"async\" src=\"https:\/\/evoluteams.com\/wp-content\/uploads\/2021\/03\/service-cyber-d-1.jpg\" alt=\"Awesome Image\">\n                            <\/div><!-- \/.services-details__image -->\n                            <br>\n                            <p class=\"services-details__content-text\"><\/p><!-- \/.services-details__content-text -->\n                            <br>\n                            <h3 class=\"services-details__sub-title\">DiaspoBuy Collector<\/h3><!-- \/.services-details__sub-title -->\n                            <br>\n                            <p class=\"services-details__content-text\">DiaspoBuy est fier de vous pr\u00e9senter Collector, une fonctionnalit\u00e9 r\u00e9volutionnaire de notre plateforme qui vous permet de collecter de l'\u00e9pargne dans les petits commerces et les m\u00e9nages. Nous croyons fermement que chaque petit pas compte lorsqu'il s'agit de b\u00e2tir un avenir financier solide, et c'est pourquoi nous avons cr\u00e9\u00e9 Collector pour vous aider \u00e0 atteindre vos objectifs financiers.\n<br \/><br \/>\nAvec DiaspoBuy Collector, vous pouvez facilement mettre de c\u00f4t\u00e9 de l'argent dans votre compte d'\u00e9pargne personnel, en faisant des achats dans les petits commerces locaux et en soutenant les m\u00e9nages de la diaspora. Chaque fois que vous effectuez un achat avec Collector, une petite partie de la transaction est automatiquement mise de c\u00f4t\u00e9 dans votre compte d'\u00e9pargne. Cela vous permet de constituer progressivement une \u00e9pargne tout en soutenant l'\u00e9conomie locale.\n<br \/><br \/>\nEn plus de fonctionner Onl-ine et Of-line , nous avons mis en place un syst\u00e8me de suivi en temps r\u00e9el pour les agences des Microfinances partenaires. Les gestionnaires des agences peuvent ainsi avoir une visibilit\u00e9 instantan\u00e9e sur les collectes effectu\u00e9es sur le terrain par les agents collecteurs. Cette fonctionnalit\u00e9 permet une gestion efficace et transparente des fonds collect\u00e9s, renfor\u00e7ant ainsi la confiance des utilisateurs dans le processus<\/p><!-- \/.services-details__content-text -->\n\t\t\t\t\t\t\t\n\t\t\t\t\t\t\t                            <h3 class=\"services-details__sub-title\"><\/h3><!-- \/.service-details__sub-title -->\n                            <br>\n                            <p class=\"services-details__content-text\"><\/p><!-- \/.services-details__content-text -->\n                            <br>\n                            <div class=\"service-details__client-block\">\n                                <div class=\"row\">\n\t\t\t\t\t\t\t\t\t                                    <div class=\"col-lg-4 col-md-6 text-center\">\n                                        <img decoding=\"async\" src=\"\" alt=\"\">\n                                    <\/div><!-- \/.col-lg-4 -->\n                                                                    <\/div><!-- \/.row -->\n                            <\/div><!-- \/.service-details__client-block -->\n                        <\/div><!-- \/.services-details__content-block -->\n                    <\/div><!-- \/.col-xl-7 -->\n                <\/div><!-- \/.row -->\n            <\/div><!-- \/.container -->\n        <\/section><!-- \/.services-details__content -->\n\n        \t\t<\/div>\n\t\t\t\t<\/div>\n\t\t\t\t\t<\/div>\n\t\t<\/div>\n\t\t\t\t\t\t\t<\/div>\n\t\t<\/section>\n\t\t\t\t<section class=\"elementor-section elementor-top-section elementor-element elementor-element-1cabfeb elementor-section-full_width elementor-section-height-default elementor-section-height-default\" data-id=\"1cabfeb\" data-element_type=\"section\">\n\t\t\t\t\t\t<div class=\"elementor-container elementor-column-gap-default\">\n\t\t\t\t\t<div class=\"elementor-column elementor-col-100 elementor-top-column elementor-element elementor-element-b6d5956\" data-id=\"b6d5956\" data-element_type=\"column\">\n\t\t\t<div class=\"elementor-widget-wrap elementor-element-populated\">\n\t\t\t\t\t\t\t\t\t<\/div>\n\t\t<\/div>\n\t\t\t\t\t\t\t<\/div>\n\t\t<\/section>\n\t\t\t\t<section class=\"elementor-section elementor-top-section elementor-element elementor-element-c7ed417 elementor-section-full_width elementor-section-height-default elementor-section-height-default\" data-id=\"c7ed417\" data-element_type=\"section\">\n\t\t\t\t\t\t<div class=\"elementor-container elementor-column-gap-default\">\n\t\t\t\t\t<div class=\"elementor-column elementor-col-100 elementor-top-column elementor-element elementor-element-ce414a1\" data-id=\"ce414a1\" data-element_type=\"column\">\n\t\t\t<div class=\"elementor-widget-wrap elementor-element-populated\">\n\t\t\t\t\t\t\t\t<div class=\"elementor-element elementor-element-f443fff elementor-widget elementor-widget-intech_call_to_action_v3\" data-id=\"f443fff\" data-element_type=\"widget\" data-widget_type=\"intech_call_to_action_v3.default\">\n\t\t\t\t<div class=\"elementor-widget-container\">\n\t\t\t        \n         <section class=\"cta-two wow fadeInUp\" data-wow-duration=\"2s\">\n            <div class=\"container-fluid\">\n                <div class=\"row no-gutters\">\n                    <div class=\"col-lg-6\">\n                        <div class=\"cta-two__left\">\n                            <div class=\"cta-two__inner\">\n                                <div class=\"block-title\">\n                                    <h2 class=\"block-title__title\">Nous g\u00e9rons tous nos services pour garantir <br><span> votre succ\u00e8s<\/span><\/h2><!-- \/.block-title__title -->\n                                <\/div><!-- \/.block-title -->\n\t\t\t\t\t\t\t\t                                <a href=\"http:\/\/el.commonsupport.com\/newwp\/intech\/contact\/\" class=\"thm-btn cta-two__btn\">Contact us<\/a><!-- \/.thm-btn -->\n\t\t\t\t\t\t\t\t                            <\/div><!-- \/.cta-two__inner -->\n                        <\/div><!-- \/.cta-two__left -->\n                    <\/div><!-- \/.col-lg-6 -->\n                    <div class=\"col-lg-6\">\n                        <div class=\"cta-two__right\">\n                            <div class=\"cta-two__inner\">\n                                <div class=\"block-title\">\n                                    <h2 class=\"block-title__title\">Prenez contact <br>avec notre \u00e9quipe.  <br>Appelez-nous ?<\/h2><!-- \/.block-title__title -->\n                                <\/div><!-- \/.block-title -->\n                                <p class=\"cta-two__phone\"><a href=\"tel:\">info@evoluteams.com<\/a><\/p>\n                                <!-- \/.cta-two__phone -->\n                            <\/div><!-- \/.cta-two__inner -->\n                        <\/div><!-- \/.cta-two__right -->\n                    <\/div><!-- \/.col-lg-6 -->\n                <\/div><!-- \/.row no-gutters -->\n            <\/div><!-- \/.container-fluid -->\n        <\/section><!-- \/.cta-two -->\n\n        \t\t<\/div>\n\t\t\t\t<\/div>\n\t\t\t\t\t<\/div>\n\t\t<\/div>\n\t\t\t\t\t\t\t<\/div>\n\t\t<\/section>\n\t\t\t\t\t\t\t<\/div>\n\t\t","protected":false},"excerpt":{"rendered":"<p>Nos Services Nos Partenaires Multi-function Services Cyber Security Data Management Cloud Computing IT Consultancy DiaspoBuy Collector DiaspoBuy Collector DiaspoBuy est fier de vous pr\u00e9senter Collector, une fonctionnalit\u00e9 r\u00e9volutionnaire de notre plateforme qui vous permet de collecter de l&#8217;\u00e9pargne dans les petits commerces et les m\u00e9nages. Nous croyons fermement que chaque petit pas compte lorsqu&#8217;il s&#8217;agit [&hellip;]<\/p>\n","protected":false},"author":1,"featured_media":0,"parent":0,"menu_order":0,"comment_status":"closed","ping_status":"closed","template":"tpl-default-elementor.php","meta":{"footnotes":""},"class_list":["post-1432","page","type-page","status-publish","hentry"],"_links":{"self":[{"href":"https:\/\/evoluteams.com\/index.php\/wp-json\/wp\/v2\/pages\/1432","targetHints":{"allow":["GET"]}}],"collection":[{"href":"https:\/\/evoluteams.com\/index.php\/wp-json\/wp\/v2\/pages"}],"about":[{"href":"https:\/\/evoluteams.com\/index.php\/wp-json\/wp\/v2\/types\/page"}],"author":[{"embeddable":true,"href":"https:\/\/evoluteams.com\/index.php\/wp-json\/wp\/v2\/users\/1"}],"replies":[{"embeddable":true,"href":"https:\/\/evoluteams.com\/index.php\/wp-json\/wp\/v2\/comments?post=1432"}],"version-history":[{"count":19,"href":"https:\/\/evoluteams.com\/index.php\/wp-json\/wp\/v2\/pages\/1432\/revisions"}],"predecessor-version":[{"id":1631,"href":"https:\/\/evoluteams.com\/index.php\/wp-json\/wp\/v2\/pages\/1432\/revisions\/1631"}],"wp:attachment":[{"href":"https:\/\/evoluteams.com\/index.php\/wp-json\/wp\/v2\/media?parent=1432"}],"curies":[{"name":"wp","href":"https:\/\/api.w.org\/{rel}","templated":true}]}}