{"id":1405,"date":"2024-04-20T07:31:44","date_gmt":"2024-04-20T05:31:44","guid":{"rendered":"https:\/\/evoluteams.com\/?page_id=1405"},"modified":"2024-04-23T08:20:17","modified_gmt":"2024-04-23T06:20:17","slug":"diaspobuy-salary-2","status":"publish","type":"page","link":"https:\/\/evoluteams.com\/index.php\/diaspobuy-salary-2\/","title":{"rendered":"DiaspoBuy Salary"},"content":{"rendered":"\t\t<div data-elementor-type=\"wp-page\" data-elementor-id=\"1405\" class=\"elementor elementor-1405\">\n\t\t\t\t\t\t\t\t\t<section class=\"elementor-section elementor-top-section elementor-element elementor-element-af04681 elementor-section-full_width elementor-section-height-default elementor-section-height-default\" data-id=\"af04681\" data-element_type=\"section\">\n\t\t\t\t\t\t<div class=\"elementor-container elementor-column-gap-default\">\n\t\t\t\t\t<div class=\"elementor-column elementor-col-100 elementor-top-column elementor-element elementor-element-9f94912\" data-id=\"9f94912\" data-element_type=\"column\">\n\t\t\t<div class=\"elementor-widget-wrap elementor-element-populated\">\n\t\t\t\t\t\t\t\t<div class=\"elementor-element elementor-element-e5f8d36 elementor-widget elementor-widget-intech_service_details\" data-id=\"e5f8d36\" data-element_type=\"widget\" data-widget_type=\"intech_service_details.default\">\n\t\t\t\t<div class=\"elementor-widget-container\">\n\t\t\t        \n        <section class=\"services-details__content\">\n            <div class=\"container\">\n                <div class=\"row justify-content-between\">\n                    <div class=\"col-xl-4 col-lg-4\">\n                        <div class=\"services-details__content-info\">\n                            <div id=\"nav_menu-3\" class=\"services-widget widget_nav_menu\"><h3 class=\"services-details__content-info-title\">Nos Services<\/h3><div class=\"menu-services-sidebar-container\"><ul id=\"menu-services-sidebar\" class=\"menu\"><li id=\"menu-item-963\" class=\"menu-item menu-item-type-post_type menu-item-object-page menu-item-963\"><a href=\"https:\/\/evoluteams.com\/index.php\/managed-it-services\/\">Nos Partenaires<\/a><\/li>\n<li id=\"menu-item-962\" class=\"menu-item menu-item-type-post_type menu-item-object-page menu-item-962\"><a href=\"https:\/\/evoluteams.com\/index.php\/multi-function-services\/\">Multi-function Services<\/a><\/li>\n<li id=\"menu-item-964\" class=\"menu-item menu-item-type-post_type menu-item-object-page menu-item-964\"><a href=\"https:\/\/evoluteams.com\/index.php\/cyber-security\/\">Cyber Security<\/a><\/li>\n<li id=\"menu-item-965\" class=\"menu-item menu-item-type-post_type menu-item-object-page menu-item-965\"><a href=\"https:\/\/evoluteams.com\/index.php\/data-management\/\">Data Management<\/a><\/li>\n<li id=\"menu-item-966\" class=\"menu-item menu-item-type-post_type menu-item-object-page menu-item-966\"><a href=\"https:\/\/evoluteams.com\/index.php\/cloud-computing\/\">Cloud Computing<\/a><\/li>\n<li id=\"menu-item-967\" class=\"menu-item menu-item-type-post_type menu-item-object-page menu-item-967\"><a href=\"https:\/\/evoluteams.com\/index.php\/it-consultancy\/\">IT Consultancy<\/a><\/li>\n<\/ul><\/div><\/div>                        <\/div><!-- \/.services-details__content-info -->\n                    <\/div><!-- \/.col-xl-4 -->\n\t\t\t\t\t\n                    <div class=\"col-xl-7 col-lg-8\">\n                        <div class=\"services-details__content-block\">\n                            <div class=\"block-title\">\n                                <h2 class=\"block-title__title\"><span>DiaspoBuy Salary<\/span><\/h2>\n                                <!-- \/.block-title__title -->\n                            <\/div><!-- \/.block-title -->\n                            <br>\n                            <div class=\"services-details__image\">\n                                <img decoding=\"async\" src=\"https:\/\/evoluteams.com\/wp-content\/uploads\/2023\/11\/news-28-09-06.jpg\" alt=\"Awesome Image\">\n                            <\/div><!-- \/.services-details__image -->\n                            <br>\n                            <p class=\"services-details__content-text\">Nous comprenons les d\u00e9fis financiers auxquels sont confront\u00e9s les entreprises lorsqu'il s'agit de g\u00e9rer leur salaire . C'est pourquoi nous avons cr\u00e9\u00e9 DiaspoBuy Salary, un service r\u00e9volutionnaire qui vous offre une solution compl\u00e8te pour g\u00e9rer votre salaire de mani\u00e8re efficace et transparente, o\u00f9 que vous soyez dans le monde.\n<br \/><br \/>\nAvec DiaspoBuy Salary, vous pouvez dire adieu aux tracas li\u00e9s aux transferts de salaire internationaux et aux frais exorbitants. Notre plateforme s\u00e9curis\u00e9e et conviviale vous permet de recevoir votre salaire directement sur votre compte DiaspoBuy, et de le g\u00e9rer en toute simplicit\u00e9. Plus besoin de vous inqui\u00e9ter des d\u00e9lais de traitement ou des frais cach\u00e9s ; avec DiaspoBuy Salary, votre salaire vous parvient rapidement et en toute transparence.\n<br \/><br \/>\nMais ce n'est pas tout. DiaspoBuy Salary vous offre \u00e9galement une gamme d'outils de gestion financi\u00e8re pour vous aider \u00e0 optimiser votre masse massariale .Consutez les fiches de paie des salaires a tout moment,suivez vos charges salarialles  cr\u00e9ez des budgets personnalis\u00e9s et acc\u00e9dez \u00e0 des conseils financiers avis\u00e9s. Notre interface conviviale et intuitive vous permet de garder le contr\u00f4le sur vos finances et de prendre des d\u00e9cisions \u00e9clair\u00e9es pour votre financiere de votre entreprise.\n<br \/><br \/>\nChez DiaspoBuy, nous sommes fiers d'offrir un service client exceptionnel. Notre \u00e9quipe d\u00e9di\u00e9e est toujours \u00e0 votre disposition pour r\u00e9pondre \u00e0 vos questions, vous fournir un soutien personnalis\u00e9 et vous guider tout au long de notre collaboration . \n<br \/><br \/>\nRejoignez la famille DiaspoBuy d\u00e8s aujourd'hui et simplifiez la gestion de vos paies salariales. \u00c9conomisez du temps, r\u00e9duisez les frais inutiles grace a DiaspoBuy Salary .\n<br \/><br \/>\nPour un processus de paiement salariale \u00e9fficasse et rapide r\u00e9joignez nous d\u00e8s maintenant !<\/p><!-- \/.services-details__content-text -->\n                            <br>\n                            <h3 class=\"services-details__sub-title\"><\/h3><!-- \/.services-details__sub-title -->\n                            <br>\n                            <p class=\"services-details__content-text\"><\/p><!-- \/.services-details__content-text -->\n\t\t\t\t\t\t\t\n\t\t\t\t\t\t\t                            <h3 class=\"services-details__sub-title\"><\/h3><!-- \/.service-details__sub-title -->\n                            <br>\n                            <p class=\"services-details__content-text\"><\/p><!-- \/.services-details__content-text -->\n                            <br>\n                            <div class=\"service-details__client-block\">\n                                <div class=\"row\">\n\t\t\t\t\t\t\t\t\t                                    <div class=\"col-lg-4 col-md-6 text-center\">\n                                        <img decoding=\"async\" src=\"\" alt=\"\">\n                                    <\/div><!-- \/.col-lg-4 -->\n                                                                    <\/div><!-- \/.row -->\n                            <\/div><!-- \/.service-details__client-block -->\n                        <\/div><!-- \/.services-details__content-block -->\n                    <\/div><!-- \/.col-xl-7 -->\n                <\/div><!-- \/.row -->\n            <\/div><!-- \/.container -->\n        <\/section><!-- \/.services-details__content -->\n\n        \t\t<\/div>\n\t\t\t\t<\/div>\n\t\t\t\t\t<\/div>\n\t\t<\/div>\n\t\t\t\t\t\t\t<\/div>\n\t\t<\/section>\n\t\t\t\t<section class=\"elementor-section elementor-top-section elementor-element elementor-element-1cabfeb elementor-section-full_width elementor-section-height-default elementor-section-height-default\" data-id=\"1cabfeb\" data-element_type=\"section\">\n\t\t\t\t\t\t<div class=\"elementor-container elementor-column-gap-default\">\n\t\t\t\t\t<div class=\"elementor-column elementor-col-100 elementor-top-column elementor-element elementor-element-b6d5956\" data-id=\"b6d5956\" data-element_type=\"column\">\n\t\t\t<div class=\"elementor-widget-wrap elementor-element-populated\">\n\t\t\t\t\t\t\t\t\t<\/div>\n\t\t<\/div>\n\t\t\t\t\t\t\t<\/div>\n\t\t<\/section>\n\t\t\t\t<section class=\"elementor-section elementor-top-section elementor-element elementor-element-c7ed417 elementor-section-full_width elementor-section-height-default elementor-section-height-default\" data-id=\"c7ed417\" data-element_type=\"section\">\n\t\t\t\t\t\t<div class=\"elementor-container elementor-column-gap-default\">\n\t\t\t\t\t<div class=\"elementor-column elementor-col-100 elementor-top-column elementor-element elementor-element-ce414a1\" data-id=\"ce414a1\" data-element_type=\"column\">\n\t\t\t<div class=\"elementor-widget-wrap elementor-element-populated\">\n\t\t\t\t\t\t\t\t<div class=\"elementor-element elementor-element-f443fff elementor-widget elementor-widget-intech_call_to_action_v3\" data-id=\"f443fff\" data-element_type=\"widget\" data-widget_type=\"intech_call_to_action_v3.default\">\n\t\t\t\t<div class=\"elementor-widget-container\">\n\t\t\t        \n         <section class=\"cta-two wow fadeInUp\" data-wow-duration=\"2s\">\n            <div class=\"container-fluid\">\n                <div class=\"row no-gutters\">\n                    <div class=\"col-lg-6\">\n                        <div class=\"cta-two__left\">\n                            <div class=\"cta-two__inner\">\n                                <div class=\"block-title\">\n                                    <h2 class=\"block-title__title\">Nous g\u00e9rons tous nos services pour garantir <br><span> votre succ\u00e8s<\/span><\/h2><!-- \/.block-title__title -->\n                                <\/div><!-- \/.block-title -->\n\t\t\t\t\t\t\t\t                                <a href=\"http:\/\/el.commonsupport.com\/newwp\/intech\/contact\/\" class=\"thm-btn cta-two__btn\">Contact us<\/a><!-- \/.thm-btn -->\n\t\t\t\t\t\t\t\t                            <\/div><!-- \/.cta-two__inner -->\n                        <\/div><!-- \/.cta-two__left -->\n                    <\/div><!-- \/.col-lg-6 -->\n                    <div class=\"col-lg-6\">\n                        <div class=\"cta-two__right\">\n                            <div class=\"cta-two__inner\">\n                                <div class=\"block-title\">\n                                    <h2 class=\"block-title__title\">Prenez contact <br>avec notre \u00e9quipe.  <br>Appelez-nous ?<\/h2><!-- \/.block-title__title -->\n                                <\/div><!-- \/.block-title -->\n                                <p class=\"cta-two__phone\"><a href=\"tel:\">info@evoluteams.com<\/a><\/p>\n                                <!-- \/.cta-two__phone -->\n                            <\/div><!-- \/.cta-two__inner -->\n                        <\/div><!-- \/.cta-two__right -->\n                    <\/div><!-- \/.col-lg-6 -->\n                <\/div><!-- \/.row no-gutters -->\n            <\/div><!-- \/.container-fluid -->\n        <\/section><!-- \/.cta-two -->\n\n        \t\t<\/div>\n\t\t\t\t<\/div>\n\t\t\t\t\t<\/div>\n\t\t<\/div>\n\t\t\t\t\t\t\t<\/div>\n\t\t<\/section>\n\t\t\t\t\t\t\t<\/div>\n\t\t","protected":false},"excerpt":{"rendered":"<p>Nos Services Nos Partenaires Multi-function Services Cyber Security Data Management Cloud Computing IT Consultancy DiaspoBuy Salary Nous comprenons les d\u00e9fis financiers auxquels sont confront\u00e9s les entreprises lorsqu&#8217;il s&#8217;agit de g\u00e9rer leur salaire . C&#8217;est pourquoi nous avons cr\u00e9\u00e9 DiaspoBuy Salary, un service r\u00e9volutionnaire qui vous offre une solution compl\u00e8te pour g\u00e9rer votre salaire de mani\u00e8re [&hellip;]<\/p>\n","protected":false},"author":1,"featured_media":0,"parent":0,"menu_order":0,"comment_status":"closed","ping_status":"closed","template":"tpl-default-elementor.php","meta":{"footnotes":""},"class_list":["post-1405","page","type-page","status-publish","hentry"],"_links":{"self":[{"href":"https:\/\/evoluteams.com\/index.php\/wp-json\/wp\/v2\/pages\/1405","targetHints":{"allow":["GET"]}}],"collection":[{"href":"https:\/\/evoluteams.com\/index.php\/wp-json\/wp\/v2\/pages"}],"about":[{"href":"https:\/\/evoluteams.com\/index.php\/wp-json\/wp\/v2\/types\/page"}],"author":[{"embeddable":true,"href":"https:\/\/evoluteams.com\/index.php\/wp-json\/wp\/v2\/users\/1"}],"replies":[{"embeddable":true,"href":"https:\/\/evoluteams.com\/index.php\/wp-json\/wp\/v2\/comments?post=1405"}],"version-history":[{"count":31,"href":"https:\/\/evoluteams.com\/index.php\/wp-json\/wp\/v2\/pages\/1405\/revisions"}],"predecessor-version":[{"id":1620,"href":"https:\/\/evoluteams.com\/index.php\/wp-json\/wp\/v2\/pages\/1405\/revisions\/1620"}],"wp:attachment":[{"href":"https:\/\/evoluteams.com\/index.php\/wp-json\/wp\/v2\/media?parent=1405"}],"curies":[{"name":"wp","href":"https:\/\/api.w.org\/{rel}","templated":true}]}}