{"id":1265,"date":"2024-04-19T09:47:12","date_gmt":"2024-04-19T07:47:12","guid":{"rendered":"https:\/\/evoluteams.com\/?page_id=1265"},"modified":"2024-04-20T10:08:32","modified_gmt":"2024-04-20T08:08:32","slug":"consultances","status":"publish","type":"page","link":"https:\/\/evoluteams.com\/index.php\/consultances\/","title":{"rendered":"Consultances"},"content":{"rendered":"\t\t<div data-elementor-type=\"wp-page\" data-elementor-id=\"1265\" class=\"elementor elementor-1265\">\n\t\t\t\t\t\t\t\t\t<section class=\"elementor-section elementor-top-section elementor-element elementor-element-af04681 elementor-section-full_width elementor-section-height-default elementor-section-height-default\" data-id=\"af04681\" data-element_type=\"section\">\n\t\t\t\t\t\t<div class=\"elementor-container elementor-column-gap-default\">\n\t\t\t\t\t<div class=\"elementor-column elementor-col-100 elementor-top-column elementor-element elementor-element-9f94912\" data-id=\"9f94912\" data-element_type=\"column\">\n\t\t\t<div class=\"elementor-widget-wrap elementor-element-populated\">\n\t\t\t\t\t\t\t\t<div class=\"elementor-element elementor-element-e5f8d36 elementor-widget elementor-widget-intech_service_details\" data-id=\"e5f8d36\" data-element_type=\"widget\" data-widget_type=\"intech_service_details.default\">\n\t\t\t\t<div class=\"elementor-widget-container\">\n\t\t\t        \n        <section class=\"services-details__content\">\n            <div class=\"container\">\n                <div class=\"row justify-content-between\">\n                    <div class=\"col-xl-4 col-lg-4\">\n                        <div class=\"services-details__content-info\">\n                            <div id=\"nav_menu-3\" class=\"services-widget widget_nav_menu\"><h3 class=\"services-details__content-info-title\">Nos Services<\/h3><div class=\"menu-services-sidebar-container\"><ul id=\"menu-services-sidebar\" class=\"menu\"><li id=\"menu-item-963\" class=\"menu-item menu-item-type-post_type menu-item-object-page menu-item-963\"><a href=\"https:\/\/evoluteams.com\/index.php\/managed-it-services\/\">Nos Partenaires<\/a><\/li>\n<li id=\"menu-item-962\" class=\"menu-item menu-item-type-post_type menu-item-object-page menu-item-962\"><a href=\"https:\/\/evoluteams.com\/index.php\/multi-function-services\/\">Multi-function Services<\/a><\/li>\n<li id=\"menu-item-964\" class=\"menu-item menu-item-type-post_type menu-item-object-page menu-item-964\"><a href=\"https:\/\/evoluteams.com\/index.php\/cyber-security\/\">Cyber Security<\/a><\/li>\n<li id=\"menu-item-965\" class=\"menu-item menu-item-type-post_type menu-item-object-page menu-item-965\"><a href=\"https:\/\/evoluteams.com\/index.php\/data-management\/\">Data Management<\/a><\/li>\n<li id=\"menu-item-966\" class=\"menu-item menu-item-type-post_type menu-item-object-page menu-item-966\"><a href=\"https:\/\/evoluteams.com\/index.php\/cloud-computing\/\">Cloud Computing<\/a><\/li>\n<li id=\"menu-item-967\" class=\"menu-item menu-item-type-post_type menu-item-object-page menu-item-967\"><a href=\"https:\/\/evoluteams.com\/index.php\/it-consultancy\/\">IT Consultancy<\/a><\/li>\n<\/ul><\/div><\/div>                        <\/div><!-- \/.services-details__content-info -->\n                    <\/div><!-- \/.col-xl-4 -->\n\t\t\t\t\t\n                    <div class=\"col-xl-7 col-lg-8\">\n                        <div class=\"services-details__content-block\">\n                            <div class=\"block-title\">\n                                <h2 class=\"block-title__title\"><span>Consultance<\/span><\/h2>\n                                <!-- \/.block-title__title -->\n                            <\/div><!-- \/.block-title -->\n                            <br>\n                            <div class=\"services-details__image\">\n                                <img decoding=\"async\" src=\"https:\/\/evoluteams.com\/wp-content\/uploads\/2021\/03\/service-multi-d-1.jpg\" alt=\"Awesome Image\">\n                            <\/div><!-- \/.services-details__image -->\n                            <br>\n                            <p class=\"services-details__content-text\">Evoluteams est \u00e9galement, votre partenaire de confiance pour la mise \u00e0 disposition de personnel hautement qualifi\u00e9. Nous sommes fiers de fournir des solutions personnalis\u00e9es en mati\u00e8re de recrutement pour r\u00e9pondre aux besoins sp\u00e9cifiques de nos clients.<\/p><!-- \/.services-details__content-text -->\n                            <br>\n                            <h3 class=\"services-details__sub-title\">Notre Mission<\/h3><!-- \/.services-details__sub-title -->\n                            <br>\n                            <p class=\"services-details__content-text\">Chez Evoluteams, notre mission est de simplifier le processus de recrutement pour nos clients tout en offrant des opportunit\u00e9s professionnelles enrichissantes pour nos candidats. Nous visons \u00e0 \u00e9tablir des partenariats durables, fond\u00e9s sur la confiance et la qualit\u00e9 de service.<\/p><!-- \/.services-details__content-text -->\n\t\t\t\t\t\t\t\n\t\t\t\t\t\t\t                            <h3 class=\"services-details__sub-title\">Nos Services<\/h3><!-- \/.service-details__sub-title -->\n                            <br>\n                            <p class=\"services-details__content-text\">\tRecrutement sur Mesure : Nous travaillons en \u00e9troite collaboration avec nos clients pour comprendre leurs besoins uniques en mati\u00e8re de personnel et leur fournir des solutions sur mesure.<br \/> <br \/> \n\tS\u00e9lection Rigoureuse : Notre \u00e9quipe de recrutement utilise des m\u00e9thodes \u00e9prouv\u00e9es pour identifier et s\u00e9lectionner les meilleurs candidats, garantissant ainsi un ajustement parfait avec les postes \u00e0 pourvoir.<br \/> <br \/> \n\tMise \u00e0 Disposition Rapide : Nous comprenons l'importance de r\u00e9activit\u00e9 dans le monde des affaires. Notre processus efficace nous permet de fournir du personnel qualifi\u00e9 dans les d\u00e9lais impartis.<br \/> <br \/> \n\tSuivi Continu : Notre engagement envers nos clients va au-del\u00e0 du recrutement initial. Nous assurons un suivi continu pour garantir la satisfaction \u00e0 long terme.\n<\/p><!-- \/.services-details__content-text -->\n                            <br>\n                            <div class=\"service-details__client-block\">\n                                <div class=\"row\">\n\t\t\t\t\t\t\t\t\t                                    <div class=\"col-lg-4 col-md-6 text-center\">\n                                        <img decoding=\"async\" src=\"\" alt=\"\">\n                                    <\/div><!-- \/.col-lg-4 -->\n                                                                    <\/div><!-- \/.row -->\n                            <\/div><!-- \/.service-details__client-block -->\n                        <\/div><!-- \/.services-details__content-block -->\n                    <\/div><!-- \/.col-xl-7 -->\n                <\/div><!-- \/.row -->\n            <\/div><!-- \/.container -->\n        <\/section><!-- \/.services-details__content -->\n\n        \t\t<\/div>\n\t\t\t\t<\/div>\n\t\t\t\t\t<\/div>\n\t\t<\/div>\n\t\t\t\t\t\t\t<\/div>\n\t\t<\/section>\n\t\t\t\t<section class=\"elementor-section elementor-top-section elementor-element elementor-element-1cabfeb elementor-section-full_width elementor-section-height-default elementor-section-height-default\" data-id=\"1cabfeb\" data-element_type=\"section\">\n\t\t\t\t\t\t<div class=\"elementor-container elementor-column-gap-default\">\n\t\t\t\t\t<div class=\"elementor-column elementor-col-100 elementor-top-column elementor-element elementor-element-b6d5956\" data-id=\"b6d5956\" data-element_type=\"column\">\n\t\t\t<div class=\"elementor-widget-wrap elementor-element-populated\">\n\t\t\t\t\t\t\t\t\t<\/div>\n\t\t<\/div>\n\t\t\t\t\t\t\t<\/div>\n\t\t<\/section>\n\t\t\t\t<section class=\"elementor-section elementor-top-section elementor-element elementor-element-c7ed417 elementor-section-full_width elementor-section-height-default elementor-section-height-default\" data-id=\"c7ed417\" data-element_type=\"section\">\n\t\t\t\t\t\t<div class=\"elementor-container elementor-column-gap-default\">\n\t\t\t\t\t<div class=\"elementor-column elementor-col-100 elementor-top-column elementor-element elementor-element-ce414a1\" data-id=\"ce414a1\" data-element_type=\"column\">\n\t\t\t<div class=\"elementor-widget-wrap elementor-element-populated\">\n\t\t\t\t\t\t\t\t<div class=\"elementor-element elementor-element-f443fff elementor-widget elementor-widget-intech_call_to_action_v3\" data-id=\"f443fff\" data-element_type=\"widget\" data-widget_type=\"intech_call_to_action_v3.default\">\n\t\t\t\t<div class=\"elementor-widget-container\">\n\t\t\t        \n         <section class=\"cta-two wow fadeInUp\" data-wow-duration=\"2s\">\n            <div class=\"container-fluid\">\n                <div class=\"row no-gutters\">\n                    <div class=\"col-lg-6\">\n                        <div class=\"cta-two__left\">\n                            <div class=\"cta-two__inner\">\n                                <div class=\"block-title\">\n                                    <h2 class=\"block-title__title\">Nous g\u00e9rons tous nos services pour garantir <br><span> votre succ\u00e8s<\/span><\/h2><!-- \/.block-title__title -->\n                                <\/div><!-- \/.block-title -->\n\t\t\t\t\t\t\t\t                                <a href=\"http:\/\/el.commonsupport.com\/newwp\/intech\/contact\/\" class=\"thm-btn cta-two__btn\">Contact us<\/a><!-- \/.thm-btn -->\n\t\t\t\t\t\t\t\t                            <\/div><!-- \/.cta-two__inner -->\n                        <\/div><!-- \/.cta-two__left -->\n                    <\/div><!-- \/.col-lg-6 -->\n                    <div class=\"col-lg-6\">\n                        <div class=\"cta-two__right\">\n                            <div class=\"cta-two__inner\">\n                                <div class=\"block-title\">\n                                    <h2 class=\"block-title__title\">Prenez contact <br>avec notre \u00e9quipe.  <br>Ecrivez-nous ?<\/h2><!-- \/.block-title__title -->\n                                <\/div><!-- \/.block-title -->\n                                <p class=\"cta-two__phone\"><a href=\"tel:\">info@evoluteams.com<\/a><\/p>\n                                <!-- \/.cta-two__phone -->\n                            <\/div><!-- \/.cta-two__inner -->\n                        <\/div><!-- \/.cta-two__right -->\n                    <\/div><!-- \/.col-lg-6 -->\n                <\/div><!-- \/.row no-gutters -->\n            <\/div><!-- \/.container-fluid -->\n        <\/section><!-- \/.cta-two -->\n\n        \t\t<\/div>\n\t\t\t\t<\/div>\n\t\t\t\t\t<\/div>\n\t\t<\/div>\n\t\t\t\t\t\t\t<\/div>\n\t\t<\/section>\n\t\t\t\t\t\t\t<\/div>\n\t\t","protected":false},"excerpt":{"rendered":"<p>Nos Services Managed IT-Services Multi-function Services Cyber Security Data Management Cloud Computing IT Consultancy Consultance Evoluteams est \u00e9galement, votre partenaire de confiance pour la mise \u00e0 disposition de personnel hautement qualifi\u00e9. Nous sommes fiers de fournir des solutions personnalis\u00e9es en mati\u00e8re de recrutement pour r\u00e9pondre aux besoins sp\u00e9cifiques de nos clients. Notre Mission Chez Evoluteams, [&hellip;]<\/p>\n","protected":false},"author":1,"featured_media":0,"parent":0,"menu_order":0,"comment_status":"closed","ping_status":"closed","template":"tpl-default-elementor.php","meta":{"footnotes":""},"class_list":["post-1265","page","type-page","status-publish","hentry"],"_links":{"self":[{"href":"https:\/\/evoluteams.com\/index.php\/wp-json\/wp\/v2\/pages\/1265","targetHints":{"allow":["GET"]}}],"collection":[{"href":"https:\/\/evoluteams.com\/index.php\/wp-json\/wp\/v2\/pages"}],"about":[{"href":"https:\/\/evoluteams.com\/index.php\/wp-json\/wp\/v2\/types\/page"}],"author":[{"embeddable":true,"href":"https:\/\/evoluteams.com\/index.php\/wp-json\/wp\/v2\/users\/1"}],"replies":[{"embeddable":true,"href":"https:\/\/evoluteams.com\/index.php\/wp-json\/wp\/v2\/comments?post=1265"}],"version-history":[{"count":19,"href":"https:\/\/evoluteams.com\/index.php\/wp-json\/wp\/v2\/pages\/1265\/revisions"}],"predecessor-version":[{"id":1511,"href":"https:\/\/evoluteams.com\/index.php\/wp-json\/wp\/v2\/pages\/1265\/revisions\/1511"}],"wp:attachment":[{"href":"https:\/\/evoluteams.com\/index.php\/wp-json\/wp\/v2\/media?parent=1265"}],"curies":[{"name":"wp","href":"https:\/\/api.w.org\/{rel}","templated":true}]}}