{"id":1093,"date":"2024-04-17T07:24:40","date_gmt":"2024-04-17T05:24:40","guid":{"rendered":"https:\/\/evoluteams.com\/?page_id=1093"},"modified":"2024-04-21T10:59:56","modified_gmt":"2024-04-21T08:59:56","slug":"digitalisation-et-automatisation","status":"publish","type":"page","link":"https:\/\/evoluteams.com\/index.php\/digitalisation-et-automatisation\/","title":{"rendered":"Digitalisation et Automatisation"},"content":{"rendered":"\t\t<div data-elementor-type=\"wp-page\" data-elementor-id=\"1093\" class=\"elementor elementor-1093\">\n\t\t\t\t\t\t\t\t\t<section class=\"elementor-section elementor-top-section elementor-element elementor-element-af04681 elementor-section-full_width elementor-section-height-default elementor-section-height-default\" data-id=\"af04681\" data-element_type=\"section\">\n\t\t\t\t\t\t<div class=\"elementor-container elementor-column-gap-default\">\n\t\t\t\t\t<div class=\"elementor-column elementor-col-100 elementor-top-column elementor-element elementor-element-9f94912\" data-id=\"9f94912\" data-element_type=\"column\">\n\t\t\t<div class=\"elementor-widget-wrap elementor-element-populated\">\n\t\t\t\t\t\t\t\t<div class=\"elementor-element elementor-element-e5f8d36 elementor-widget elementor-widget-intech_service_details\" data-id=\"e5f8d36\" data-element_type=\"widget\" data-widget_type=\"intech_service_details.default\">\n\t\t\t\t<div class=\"elementor-widget-container\">\n\t\t\t        \n        <section class=\"services-details__content\">\n            <div class=\"container\">\n                <div class=\"row justify-content-between\">\n                    <div class=\"col-xl-4 col-lg-4\">\n                        <div class=\"services-details__content-info\">\n                            <div id=\"nav_menu-3\" class=\"services-widget widget_nav_menu\"><h3 class=\"services-details__content-info-title\">Nos Services<\/h3><div class=\"menu-services-sidebar-container\"><ul id=\"menu-services-sidebar\" class=\"menu\"><li id=\"menu-item-963\" class=\"menu-item menu-item-type-post_type menu-item-object-page menu-item-963\"><a href=\"https:\/\/evoluteams.com\/index.php\/managed-it-services\/\">Nos Partenaires<\/a><\/li>\n<li id=\"menu-item-962\" class=\"menu-item menu-item-type-post_type menu-item-object-page menu-item-962\"><a href=\"https:\/\/evoluteams.com\/index.php\/multi-function-services\/\">Multi-function Services<\/a><\/li>\n<li id=\"menu-item-964\" class=\"menu-item menu-item-type-post_type menu-item-object-page menu-item-964\"><a href=\"https:\/\/evoluteams.com\/index.php\/cyber-security\/\">Cyber Security<\/a><\/li>\n<li id=\"menu-item-965\" class=\"menu-item menu-item-type-post_type menu-item-object-page menu-item-965\"><a href=\"https:\/\/evoluteams.com\/index.php\/data-management\/\">Data Management<\/a><\/li>\n<li id=\"menu-item-966\" class=\"menu-item menu-item-type-post_type menu-item-object-page menu-item-966\"><a href=\"https:\/\/evoluteams.com\/index.php\/cloud-computing\/\">Cloud Computing<\/a><\/li>\n<li id=\"menu-item-967\" class=\"menu-item menu-item-type-post_type menu-item-object-page menu-item-967\"><a href=\"https:\/\/evoluteams.com\/index.php\/it-consultancy\/\">IT Consultancy<\/a><\/li>\n<\/ul><\/div><\/div>                        <\/div><!-- \/.services-details__content-info -->\n                    <\/div><!-- \/.col-xl-4 -->\n\t\t\t\t\t\n                    <div class=\"col-xl-7 col-lg-8\">\n                        <div class=\"services-details__content-block\">\n                            <div class=\"block-title\">\n                                <h2 class=\"block-title__title\"><span>Digitalisation et Automatisation<\/span><\/h2>\n                                <!-- \/.block-title__title -->\n                            <\/div><!-- \/.block-title -->\n                            <br>\n                            <div class=\"services-details__image\">\n                                <img decoding=\"async\" src=\"https:\/\/evoluteams.com\/wp-content\/uploads\/2021\/03\/service-cloud-d-1.jpg\" alt=\"Awesome Image\">\n                            <\/div><!-- \/.services-details__image -->\n                            <br>\n                            <p class=\"services-details__content-text\"><\/p><!-- \/.services-details__content-text -->\n                            <br>\n                            <h3 class=\"services-details__sub-title\">Services digitaux offerts<\/h3><!-- \/.services-details__sub-title -->\n                            <br>\n                            <p class=\"services-details__content-text\">\tAnalyse et Consultation : Nous r\u00e9alisons une analyse approfondie des processus existants de nos clients pour identifier les opportunit\u00e9s d'automatisation et de transformation digitale. Notre \u00e9quipe travaille en \u00e9troite collaboration avec vous pour \u00e9laborer des strat\u00e9gies sur mesure.\n\t\n<br \/>\n<br \/>\n\nD\u00e9veloppement de Solutions sur Mesure : Nous concevons et d\u00e9veloppons des solutions logicielles sur mesure adapt\u00e9es aux besoins sp\u00e9cifiques de chaque entreprise. Nous proposons des solutions innovantes et \u00e9volutives, que ce soit pour la gestion des ressources humaines, la paie, la gestion de la relation client, la gestion des stocks ou tout autre processus m\u00e9tier dans les domaines divers (finance, sant\u00e9, agriculture, \u00e9levage, industrie, logistique, \u2026).\n\n\n<br \/>\n<br \/>\n\tInt\u00e9gration de Syst\u00e8mes : Nous assurons l'int\u00e9gration fluide de nos solutions avec les syst\u00e8mes et les applications existants de nos clients. Notre expertise en int\u00e9gration garantit une transition sans heurts et une compatibilit\u00e9 maximale avec l'infrastructure technologique pr\u00e9existante.\n\n<br \/>\n<br \/>\n\tFormation et Support : Nous offrons une formation compl\u00e8te aux \u00e9quipes de nos clients pour garantir une adoption r\u00e9ussie de nos solutions. De plus, notre \u00e9quipe de support technique est disponible pour r\u00e9pondre aux questions et r\u00e9soudre les probl\u00e8mes rapidement.\n<br \/>\n<br \/>\n\t\nTechnologies utilis\u00e9es : Nous exploitons un large \u00e9ventail de technologies de pointe, notamment l'intelligence artificielle, l'apprentissage automatique, la robotique, l'Internet des objets (IoT), la blockchain et le cloud computing pour cr\u00e9er des solutions innovantes et \u00e9volutives.\n<\/p><!-- \/.services-details__content-text -->\n\t\t\t\t\t\t\t\n\t\t\t\t\t\t\t                            <h3 class=\"services-details__sub-title\"><\/h3><!-- \/.service-details__sub-title -->\n                            <br>\n                            <p class=\"services-details__content-text\"><\/p><!-- \/.services-details__content-text -->\n                            <br>\n                            <div class=\"service-details__client-block\">\n                                <div class=\"row\">\n\t\t\t\t\t\t\t\t\t                                    <div class=\"col-lg-4 col-md-6 text-center\">\n                                        <img decoding=\"async\" src=\"\" alt=\"\">\n                                    <\/div><!-- \/.col-lg-4 -->\n                                                                    <\/div><!-- \/.row -->\n                            <\/div><!-- \/.service-details__client-block -->\n                        <\/div><!-- \/.services-details__content-block -->\n                    <\/div><!-- \/.col-xl-7 -->\n                <\/div><!-- \/.row -->\n            <\/div><!-- \/.container -->\n        <\/section><!-- \/.services-details__content -->\n\n        \t\t<\/div>\n\t\t\t\t<\/div>\n\t\t\t\t\t<\/div>\n\t\t<\/div>\n\t\t\t\t\t\t\t<\/div>\n\t\t<\/section>\n\t\t\t\t<section class=\"elementor-section elementor-top-section elementor-element elementor-element-1cabfeb elementor-section-full_width elementor-section-height-default elementor-section-height-default\" data-id=\"1cabfeb\" data-element_type=\"section\">\n\t\t\t\t\t\t<div class=\"elementor-container elementor-column-gap-default\">\n\t\t\t\t\t<div class=\"elementor-column elementor-col-100 elementor-top-column elementor-element elementor-element-b6d5956\" data-id=\"b6d5956\" data-element_type=\"column\">\n\t\t\t<div class=\"elementor-widget-wrap elementor-element-populated\">\n\t\t\t\t\t\t\t\t\t<\/div>\n\t\t<\/div>\n\t\t\t\t\t\t\t<\/div>\n\t\t<\/section>\n\t\t\t\t<section class=\"elementor-section elementor-top-section elementor-element elementor-element-c7ed417 elementor-section-full_width elementor-section-height-default elementor-section-height-default\" data-id=\"c7ed417\" data-element_type=\"section\">\n\t\t\t\t\t\t<div class=\"elementor-container elementor-column-gap-default\">\n\t\t\t\t\t<div class=\"elementor-column elementor-col-100 elementor-top-column elementor-element elementor-element-ce414a1\" data-id=\"ce414a1\" data-element_type=\"column\">\n\t\t\t<div class=\"elementor-widget-wrap elementor-element-populated\">\n\t\t\t\t\t\t\t\t<div class=\"elementor-element elementor-element-f443fff elementor-widget elementor-widget-intech_call_to_action_v3\" data-id=\"f443fff\" data-element_type=\"widget\" data-widget_type=\"intech_call_to_action_v3.default\">\n\t\t\t\t<div class=\"elementor-widget-container\">\n\t\t\t        \n         <section class=\"cta-two wow fadeInUp\" data-wow-duration=\"2s\">\n            <div class=\"container-fluid\">\n                <div class=\"row no-gutters\">\n                    <div class=\"col-lg-6\">\n                        <div class=\"cta-two__left\">\n                            <div class=\"cta-two__inner\">\n                                <div class=\"block-title\">\n                                    <h2 class=\"block-title__title\">Nous g\u00e9rons tous nos services pour garantir <br><span> votre succ\u00e8s<\/span><\/h2><!-- \/.block-title__title -->\n                                <\/div><!-- \/.block-title -->\n\t\t\t\t\t\t\t\t                                <a href=\"http:\/\/el.commonsupport.com\/newwp\/intech\/contact\/\" class=\"thm-btn cta-two__btn\">Contact us<\/a><!-- \/.thm-btn -->\n\t\t\t\t\t\t\t\t                            <\/div><!-- \/.cta-two__inner -->\n                        <\/div><!-- \/.cta-two__left -->\n                    <\/div><!-- \/.col-lg-6 -->\n                    <div class=\"col-lg-6\">\n                        <div class=\"cta-two__right\">\n                            <div class=\"cta-two__inner\">\n                                <div class=\"block-title\">\n                                    <h2 class=\"block-title__title\">Prenez contact <br>avec notre \u00e9quipe.  <br>Ecrivez-nous ?<\/h2><!-- \/.block-title__title -->\n                                <\/div><!-- \/.block-title -->\n                                <p class=\"cta-two__phone\"><a href=\"tel:\">info@evoluteams.com<\/a><\/p>\n                                <!-- \/.cta-two__phone -->\n                            <\/div><!-- \/.cta-two__inner -->\n                        <\/div><!-- \/.cta-two__right -->\n                    <\/div><!-- \/.col-lg-6 -->\n                <\/div><!-- \/.row no-gutters -->\n            <\/div><!-- \/.container-fluid -->\n        <\/section><!-- \/.cta-two -->\n\n        \t\t<\/div>\n\t\t\t\t<\/div>\n\t\t\t\t\t<\/div>\n\t\t<\/div>\n\t\t\t\t\t\t\t<\/div>\n\t\t<\/section>\n\t\t\t\t\t\t\t<\/div>\n\t\t","protected":false},"excerpt":{"rendered":"<p>Nos Services Nos Partenaires Multi-function Services Cyber Security Data Management Cloud Computing IT Consultancy Digitalisation et Automatisation Services digitaux offerts Analyse et Consultation : Nous r\u00e9alisons une analyse approfondie des processus existants de nos clients pour identifier les opportunit\u00e9s d&#8217;automatisation et de transformation digitale. Notre \u00e9quipe travaille en \u00e9troite collaboration avec vous pour \u00e9laborer des [&hellip;]<\/p>\n","protected":false},"author":1,"featured_media":0,"parent":0,"menu_order":0,"comment_status":"closed","ping_status":"closed","template":"tpl-default-elementor.php","meta":{"footnotes":""},"class_list":["post-1093","page","type-page","status-publish","hentry"],"_links":{"self":[{"href":"https:\/\/evoluteams.com\/index.php\/wp-json\/wp\/v2\/pages\/1093","targetHints":{"allow":["GET"]}}],"collection":[{"href":"https:\/\/evoluteams.com\/index.php\/wp-json\/wp\/v2\/pages"}],"about":[{"href":"https:\/\/evoluteams.com\/index.php\/wp-json\/wp\/v2\/types\/page"}],"author":[{"embeddable":true,"href":"https:\/\/evoluteams.com\/index.php\/wp-json\/wp\/v2\/users\/1"}],"replies":[{"embeddable":true,"href":"https:\/\/evoluteams.com\/index.php\/wp-json\/wp\/v2\/comments?post=1093"}],"version-history":[{"count":31,"href":"https:\/\/evoluteams.com\/index.php\/wp-json\/wp\/v2\/pages\/1093\/revisions"}],"predecessor-version":[{"id":1585,"href":"https:\/\/evoluteams.com\/index.php\/wp-json\/wp\/v2\/pages\/1093\/revisions\/1585"}],"wp:attachment":[{"href":"https:\/\/evoluteams.com\/index.php\/wp-json\/wp\/v2\/media?parent=1093"}],"curies":[{"name":"wp","href":"https:\/\/api.w.org\/{rel}","templated":true}]}}